{"id":523,"date":"2019-11-11T19:07:57","date_gmt":"2019-11-11T19:07:57","guid":{"rendered":"https:\/\/www.daisybrand.com\/?page_id=523"},"modified":"2026-03-06T05:35:09","modified_gmt":"2026-03-06T11:35:09","slug":"preguntas-frecuentes","status":"publish","type":"page","link":"https:\/\/www.daisybrand.com\/es\/preguntas-frecuentes\/","title":{"rendered":"Preguntas frecuentes"},"content":{"rendered":"<div class=\"wpb-content-wrapper\"><p>[vc_row][vc_column width=\u00bb5\/6&#8243;][vc_custom_heading heading_semantic=\u00bbh1&#8243; uncode_shortcode_id=\u00bb136233&#8243;]Preguntas frecuentes[\/vc_custom_heading][vc_column_text]Si tienes alguna pregunta sobre la crema agria o el queso cottage Daisy<sup>\u00ae<\/sup>, mira si te la hemos contestado aqu\u00ed. En caso contrario, puedes ponerte en contacto con nuestro servicio de atenci\u00f3n al cliente.[\/vc_column_text][vc_custom_heading heading_semantic=\u00bbh4&#8243; text_size=\u00bbh4&#8243;]Preguntas generales[\/vc_custom_heading][vc_accordion typography=\u00bbyes\u00bb active_tab=\u00bb0&#8243;][vc_accordion_tab title=\u00bb\u00bfC\u00f3mo se conserva la frescura, el sabor y la calidad de la crema agria o del queso cottage Daisy?\u00bb tab_id=\u00bb1573499874-1-25&#8243;][vc_column_text]Existen varias formas de conservar la frescura y la calidad de nuestra nata agria y queso fresco, incluidas, sin l\u00edmites, los siguientes consejos f\u00e1ciles de conservaci\u00f3n:<\/p>\n<ul>\n<li>Una vez comprado, guarda el producto en la nevera lo antes posible.<\/li>\n<li>Utiliza siempre un utensilio limpio e intenta no tocar la cara interna de la tapa de pl\u00e1stico del envase, para mantener la calidad del producto.<\/li>\n<li>Una vez te hayas servido la cantidad necesaria, vuelve a meter la cantidad restante en la nevera.<\/li>\n<li>Para evitar la separaci\u00f3n del suero, deje la superficie del producto lisa con una cuchara antes de volver a meter el envase en la nevera.<\/li>\n<li>Despu\u00e9s del primer uso, retire todo el precinto de pl\u00e1stico del envase y cierre el producto con la tapa de pl\u00e1stico.<\/li>\n<li>Si no se usa el producto regularmente, podr\u00eda producirse una separaci\u00f3n natural. En tal caso, remueve el producto suavemente para volverlo a mezclar.<\/li>\n<\/ul>\n<p>[\/vc_column_text][\/vc_accordion_tab][vc_accordion_tab title=\u00bb\u00bfCu\u00e1nto tiempo se conserva fresca la crema agria o el queso freso Daisy una vez abierto?\u00bb tab_id=\u00bb1573499874-2-17&#8243;][vc_column_text]Por regla general, cabe esperar que, una vez abierto el envase, el producto se mantenga fresco durante dos semanas aproximadamente. Puedes asegurarse de que el producto est\u00e1 fresco oli\u00e9ndolo, prob\u00e1ndolo o comprobando su aspecto.[\/vc_column_text][\/vc_accordion_tab][vc_accordion_tab title=\u00bb\u00bfQu\u00e9 significa la fecha que figura en el envase?\u00bb tab_id=\u00bb1573500186370-2-0&#8243;][vc_column_text]La fecha de caducidad que figura en el envase indica el tiempo m\u00e1ximo que los productos Daisy presentar\u00e1n unas caracter\u00edsticas de sabor y calidad adecuadas. La fecha de caducidad no es la fecha de compra o una fecha de seguridad. Si el producto se guarda en las condiciones recomendadas y no desprende olores o se ha enmohecido, podr\u00eda consumirse sin problemas despu\u00e9s de la fecha indicada en el envase.[\/vc_column_text][\/vc_accordion_tab][vc_accordion_tab title=\u00bb\u00bfLos envases de la marca Daisy son reciclables?\u00bb tab_id=\u00bb1573500354454-3-4&#8243;][vc_column_text]S\u00ed, nuestros envases de tubo de pl\u00e1stico son reciclables. La marca Daisy utiliza polipropileno en los envases de tubo, porque es m\u00e1s adecuado que otros pl\u00e1sticos para conservar la calidad de los productos. Es posible que en la zona donde vives, no haya muchas plantas que reciclen polipropileno. Por favor, consulta el apartado \u201creciclaje\u201d en las p\u00e1ginas amarillas o ponte en contacto con el Departamento de Obras P\u00fablicas de tu localidad y condado para ver si hay alguna planta de reciclaje en la ona. El tap\u00f3n del envase squeeze es reciclable (polipropileno, el mismo que en los tubos Daisy). Sin embargo, el film del envase squeeze no es reciclable de momento en la mayor\u00eda de sitios, pero creemos que empezar\u00e1 a aceptarse de forma generalizada en el futuro.[\/vc_column_text][\/vc_accordion_tab][vc_accordion_tab title=\u00bb\u00bfReparte Daisy cupones de descuento para la crema agria y el queso cottage?\u00bb tab_id=\u00bb1573500409267-4-8&#8243;][vc_column_text]Repartimos cupones de descuento peri\u00f3dicamente en los mercados donde se comercializan nuestros productos. \u00a1Busca los cupones de descuento en los establecimeintos de tu zona![\/vc_column_text][\/vc_accordion_tab][vc_accordion_tab title=\u00bb\u00bfC\u00f3mo y d\u00f3nde debo guardar la crema agria y la crema de queso Daisy?\u00bb tab_id=\u00bb1573500536424-5-4&#8243;][vc_column_text]la crema agria y el queso cottage de la marca Daisy deben guardarse siempre en la nevera. Se conservan mucho mejor en los estantes inferiores de la nevera. No se recomienda guardar los productos de la marca Daisy en el caj\u00f3n de las verduras o en la puerta de la nevera.[\/vc_column_text][\/vc_accordion_tab][vc_accordion_tab title=\u00bb\u00bfPuedo congelar la crema agria y el queso cottage Daisy?\u00bb tab_id=\u00bb1573500566290-6-7&#8243;][vc_column_text]Evita congelar la crema agria y el queso cottage, ya que podr\u00eda afectar la textura cremosa y el sabor natural del producto. Sin embargo, puedes utilizar la crema agria y el queso cottage Daisy en un plato precocinado y congerlarlo.[\/vc_column_text][\/vc_accordion_tab][vc_accordion_tab title=\u00bb\u00bfLos productos Daisy contienen alg\u00fan al\u00e9rgeno com\u00fan?\u00bb tab_id=\u00bb1579461291581-7-3&#8243;][vc_column_text]S\u00ed, nuestra nata agria y queso fresco son productos l\u00e1cteos. Se producen en maquinaria exclusivamente dedicada al tratamiento de productos l\u00e1cteos.[\/vc_column_text][\/vc_accordion_tab][vc_accordion_tab title=\u00bb\u00bfD\u00f3nde est\u00e1n las fecha de caducidad y de envasado en los envases?\u00bb tab_id=\u00bb1579461427029-8-5&#8243;][vc_column_text]Las fechas de caducidad y envasado figuran en el fondo del envase y en el precinto del envase squeeze.[\/vc_column_text][\/vc_accordion_tab][vc_accordion_tab title=\u00bbSi no he abierto el envase de producto Daisy y ya ha pasado la fecha indicada en el envase, \u00bfse puede consumir?\u00bb tab_id=\u00bb1579461766555-9-7&#8243;][vc_column_text]Si el envase del producto Daisy se ha guardado en la nevera precintado, por lo general podr\u00e1 consumirse despu\u00e9s de la fecha de caducidad que figura en el envase, salvo que se vea claramente el producto no est\u00e1 en condiciones. Si el producto desprende olores o est\u00e1 enmohecido, deber\u00e1 tirarse y no consumirse. Dada la naturaleza perecedera de los productos de la marca Daisy, se recomienda cosumir en un plazo de 2 semanas, una vez abierto, aunque la fecha de caducidad sea m\u00e1s tarde.[\/vc_column_text][\/vc_accordion_tab][vc_accordion_tab title=\u00bb\u00bfQu\u00e9 es el l\u00edquido que hay en la superficie de la crema agria y del queso cottage?\u00bb tab_id=\u00bb1579466980322-10-10&#8243;][vc_column_text]Al tratar la leche y la nata para convertirlas en nata agria o queso fresco, la leche que anteriormente estaba l\u00edquida pasa a un estado semis\u00f3lido. Se retiene el agua de la leche o de la nata. La parte acuosa de los productos l\u00e1cteos cultivados, como la nata, se llama \u201csuero\u201d. El suero contiene agua, minerales y alguna prote\u00edna, por lo que es un ingrediente muy nutritivo. Cuando se mete la cuchara en nuestra deliciosa nata agria y queso fresco, puede salir algo de suero y formar charcos en la superficie. Cuando el suero se separa de la crema agria o del queso cottage, remueve el producto o t\u00edralo (como prefieras), cualquiera de las dos cosas est\u00e1 bien. Guarda los envases de nata agria y queso fresco de pie en la nevera y deja la superficie lisa para evitar que salga el suero.[\/vc_column_text][\/vc_accordion_tab][vc_accordion_tab gutter_size=\u00bb2&#8243; column_padding=\u00bb2&#8243; title=\u00bb\u00bfLos productos Daisy contienen gluten?\u00bb tab_id=\u00bb1676312840130-11-0&#8243;][vc_column_text uncode_shortcode_id=\u00bb157427&#8243;]Todos los productos Daisy son libres de gluten.[\/vc_column_text][\/vc_accordion_tab][\/vc_accordion][\/vc_column][vc_column width=\u00bb1\/6&#8243;][\/vc_column][\/vc_row][vc_row][vc_column width=\u00bb5\/6&#8243;][vc_custom_heading heading_semantic=\u00bbh4&#8243; text_size=\u00bbh4&#8243;]Preguntas frecuentes sobre la crema agria[\/vc_custom_heading][vc_accordion typography=\u00bbyes\u00bb active_tab=\u00bb0&#8243;][vc_accordion_tab title=\u00bb\u00bfD\u00f3nde puedo comprar la crema agria Daisy?\u00bb tab_id=\u00bb1574113980-1-36&#8243;][vc_column_text uncode_shortcode_id=\u00bb176122&#8243;]la crema agria Daisy se comercializa en m\u00e1s del 90 % de los supermercados, as\u00ed como en una gran cantidad de tiendas de comestibles, economatos del ej\u00e9rcito y establecimientos de servicios de alimentaci\u00f3n de todo el pa\u00eds. Ponte en contacto <a href=\"\/contact-us\/\"><span style=\"text-decoration: underline;\">con nosotros<\/span><\/a> para encontrar una tienda cerca de tu ubicaci\u00f3n.[\/vc_column_text][\/vc_accordion_tab][vc_accordion_tab title=\u00bb\u00bfEl formato Daisy Squeeze contiene los mismos ingredientes que el tubo original?\u00bb tab_id=\u00bb1574114229498-2-2&#8243;][vc_column_text]\u00a1S\u00ed! El formato Daisy Squeeze contiene exactamente la misma cantidad de nata agria que nuestros tubos.[\/vc_column_text][\/vc_accordion_tab][vc_accordion_tab title=\u00bb\u00bfHay un formato bajo en calor\u00edas de Daisy Squeeze?\u00bb tab_id=\u00bb1574114359761-4-7&#8243;][vc_column_text]De momento, la crema agria baja en calor\u00eda en envase squeeze solo est\u00e1 disponible en algunos establecimientos selectos.[\/vc_column_text][\/vc_accordion_tab][vc_accordion_tab title=\u00bb\u00bfC\u00f3mo se abre el envase squeeze?\u00bb tab_id=\u00bb1574114655869-6-7&#8243;][vc_column_text]Para abrir la crema agria en envase squeeze, desenrosca el tap\u00f3n azul, tira del aro situado en la pesta\u00f1a blanca.[\/vc_column_text][\/vc_accordion_tab][\/vc_accordion][\/vc_column][vc_column width=\u00bb1\/6&#8243;][\/vc_column][\/vc_row][vc_row][vc_column width=\u00bb5\/6&#8243;][vc_custom_heading heading_semantic=\u00bbh4&#8243; text_size=\u00bbh4&#8243;]Preguntas frecuentes sobre el queso cottage[\/vc_custom_heading][vc_accordion typography=\u00bbyes\u00bb][vc_accordion_tab title=\u00bb\u00bfQu\u00e9 significa el \u201c2 %\u201d y el \u201c4 %\u201d en los envases de queso fresco Daisy?\u00bb tab_id=\u00bb1574114418-2-77&#8243;][vc_column_text]el queso cottage contiene un 4 % de materia grasa y el queso cottage bajo en calor\u00edas, un 2 %[\/vc_column_text][\/vc_accordion_tab][vc_accordion_tab title=\u00bb\u00bfD\u00f3nde puedo comprar el queso cottage Daisy?\u00bb tab_id=\u00bb1574114537339-2-3&#8243;][vc_column_text uncode_shortcode_id=\u00bb171958&#8243;]el queso cottage Daisy ya est\u00e1 disponible en la mayor\u00eda de supermercados de Estados Unidos. Ponte en contacto <span style=\"text-decoration: underline;\"><a href=\"\/es\/contacto\/\">con nosotros para<\/a><\/span> encontrar un supermercado cerca de tu ubicaci\u00f3n.[\/vc_column_text][\/vc_accordion_tab][\/vc_accordion][vc_button button_color=\u00bbsp-color-red\u00bb size=\u00bbbtn-xl\u00bb border_width=\u00bb0&#8243; link=\u00bburl:https%3A%2F%2Fwww.daisybrand.com%2Fes%2Fcontacto%2F|title:Contact%20Us\u00bb button_color_type=\u00bbuncode-palette\u00bb uncode_shortcode_id=\u00bb918470&#8243;]Contacto[\/vc_button][\/vc_column][vc_column width=\u00bb1\/6&#8243;][\/vc_column][\/vc_row][vc_row][vc_column width=\u00bb1\/1&#8243;][vc_empty_space empty_h=\u00bb2&#8243; desktop_visibility=\u00bbyes\u00bb][vc_empty_space empty_h=\u00bb4&#8243; medium_visibility=\u00bbyes\u00bb mobile_visibility=\u00bbyes\u00bb][\/vc_column][\/vc_row]<\/p>\n<\/div>","protected":false},"excerpt":{"rendered":"<p>[vc_row][vc_column width=\u00bb5\/6&#8243;][vc_custom_heading heading_semantic=\u00bbh1&#8243; uncode_shortcode_id=\u00bb136233&#8243;]Preguntas frecuentes[\/vc_custom_heading][vc_column_text]Si tienes alguna pregunta sobre la crema agria o el queso cottage Daisy\u00ae, mira si te [&hellip;]<\/p>\n","protected":false},"author":32,"featured_media":0,"parent":0,"menu_order":0,"comment_status":"closed","ping_status":"closed","template":"","meta":{"_acf_changed":false,"footnotes":""},"class_list":["post-523","page","type-page","status-publish","hentry"],"acf":[],"yoast_head":"<!-- This site is optimized with the Yoast SEO plugin v27.3 - https:\/\/yoast.com\/product\/yoast-seo-wordpress\/ -->\n<title>Preguntas frecuentes - Daisy Brand - Sour Cream &amp; Cottage Cheese<\/title>\n<meta name=\"description\" content=\"Si tienes alguna pregunta sobre la crema agria o el queso cottage Daisy\u00ae, mira si te la hemos contestado aqu\u00ed. En caso contrario, puedes ponerte en contacto con nuestro servicio de atenci\u00f3n al cliente.\" \/>\n<meta name=\"robots\" content=\"index, follow, max-snippet:-1, max-image-preview:large, max-video-preview:-1\" \/>\n<link rel=\"canonical\" href=\"https:\/\/www.daisybrand.com\/es\/preguntas-frecuentes\/\" \/>\n<meta property=\"og:locale\" content=\"es_ES\" \/>\n<meta property=\"og:type\" content=\"article\" \/>\n<meta property=\"og:title\" content=\"Preguntas frecuentes - Daisy Brand - Sour Cream &amp; Cottage Cheese\" \/>\n<meta property=\"og:description\" content=\"Si tienes alguna pregunta sobre la crema agria o el queso cottage Daisy\u00ae, mira si te la hemos contestado aqu\u00ed. En caso contrario, puedes ponerte en contacto con nuestro servicio de atenci\u00f3n al cliente.\" \/>\n<meta property=\"og:url\" content=\"https:\/\/www.daisybrand.com\/es\/preguntas-frecuentes\/\" \/>\n<meta property=\"og:site_name\" content=\"Daisy Brand - Sour Cream &amp; Cottage Cheese\" \/>\n<meta property=\"article:publisher\" content=\"https:\/\/www.facebook.com\/daisybrand\/\" \/>\n<meta property=\"article:modified_time\" content=\"2026-03-06T11:35:09+00:00\" \/>\n<meta name=\"twitter:card\" content=\"summary_large_image\" \/>\n<meta name=\"twitter:label1\" content=\"Tiempo de lectura\" \/>\n\t<meta name=\"twitter:data1\" content=\"6 minutos\" \/>\n<script type=\"application\/ld+json\" class=\"yoast-schema-graph\">{\"@context\":\"https:\\\/\\\/schema.org\",\"@graph\":[{\"@type\":\"WebPage\",\"@id\":\"https:\\\/\\\/www.daisybrand.com\\\/es\\\/preguntas-frecuentes\\\/\",\"url\":\"https:\\\/\\\/www.daisybrand.com\\\/es\\\/preguntas-frecuentes\\\/\",\"name\":\"Preguntas frecuentes - Daisy Brand - Sour Cream &amp; Cottage Cheese\",\"isPartOf\":{\"@id\":\"https:\\\/\\\/www.daisybrand.com\\\/es\\\/#website\"},\"datePublished\":\"2019-11-11T19:07:57+00:00\",\"dateModified\":\"2026-03-06T11:35:09+00:00\",\"description\":\"Si tienes alguna pregunta sobre la crema agria o el queso cottage Daisy\u00ae, mira si te la hemos contestado aqu\u00ed. En caso contrario, puedes ponerte en contacto con nuestro servicio de atenci\u00f3n al cliente.\",\"breadcrumb\":{\"@id\":\"https:\\\/\\\/www.daisybrand.com\\\/es\\\/preguntas-frecuentes\\\/#breadcrumb\"},\"inLanguage\":\"es\",\"potentialAction\":[{\"@type\":\"ReadAction\",\"target\":[\"https:\\\/\\\/www.daisybrand.com\\\/es\\\/preguntas-frecuentes\\\/\"]}]},{\"@type\":\"BreadcrumbList\",\"@id\":\"https:\\\/\\\/www.daisybrand.com\\\/es\\\/preguntas-frecuentes\\\/#breadcrumb\",\"itemListElement\":[{\"@type\":\"ListItem\",\"position\":1,\"name\":\"Home\",\"item\":\"https:\\\/\\\/www.daisybrand.com\\\/es\\\/\"},{\"@type\":\"ListItem\",\"position\":2,\"name\":\"Preguntas frecuentes\"}]},{\"@type\":\"WebSite\",\"@id\":\"https:\\\/\\\/www.daisybrand.com\\\/es\\\/#website\",\"url\":\"https:\\\/\\\/www.daisybrand.com\\\/es\\\/\",\"name\":\"Daisy Brand - Sour Cream &amp; Cottage Cheese\",\"description\":\"Welcome to daisybrand.com, learn more about Daisy Brand sour cream and cottage cheese. Discover great recipes and learn the answers to common questions.\",\"potentialAction\":[{\"@type\":\"SearchAction\",\"target\":{\"@type\":\"EntryPoint\",\"urlTemplate\":\"https:\\\/\\\/www.daisybrand.com\\\/es\\\/?s={search_term_string}\"},\"query-input\":{\"@type\":\"PropertyValueSpecification\",\"valueRequired\":true,\"valueName\":\"search_term_string\"}}],\"inLanguage\":\"es\"}]}<\/script>\n<!-- \/ Yoast SEO plugin. -->","yoast_head_json":{"title":"Preguntas frecuentes - Daisy Brand - Sour Cream &amp; Cottage Cheese","description":"Si tienes alguna pregunta sobre la crema agria o el queso cottage Daisy\u00ae, mira si te la hemos contestado aqu\u00ed. En caso contrario, puedes ponerte en contacto con nuestro servicio de atenci\u00f3n al cliente.","robots":{"index":"index","follow":"follow","max-snippet":"max-snippet:-1","max-image-preview":"max-image-preview:large","max-video-preview":"max-video-preview:-1"},"canonical":"https:\/\/www.daisybrand.com\/es\/preguntas-frecuentes\/","og_locale":"es_ES","og_type":"article","og_title":"Preguntas frecuentes - Daisy Brand - Sour Cream &amp; Cottage Cheese","og_description":"Si tienes alguna pregunta sobre la crema agria o el queso cottage Daisy\u00ae, mira si te la hemos contestado aqu\u00ed. En caso contrario, puedes ponerte en contacto con nuestro servicio de atenci\u00f3n al cliente.","og_url":"https:\/\/www.daisybrand.com\/es\/preguntas-frecuentes\/","og_site_name":"Daisy Brand - Sour Cream &amp; Cottage Cheese","article_publisher":"https:\/\/www.facebook.com\/daisybrand\/","article_modified_time":"2026-03-06T11:35:09+00:00","twitter_card":"summary_large_image","twitter_misc":{"Tiempo de lectura":"6 minutos"},"schema":{"@context":"https:\/\/schema.org","@graph":[{"@type":"WebPage","@id":"https:\/\/www.daisybrand.com\/es\/preguntas-frecuentes\/","url":"https:\/\/www.daisybrand.com\/es\/preguntas-frecuentes\/","name":"Preguntas frecuentes - Daisy Brand - Sour Cream &amp; Cottage Cheese","isPartOf":{"@id":"https:\/\/www.daisybrand.com\/es\/#website"},"datePublished":"2019-11-11T19:07:57+00:00","dateModified":"2026-03-06T11:35:09+00:00","description":"Si tienes alguna pregunta sobre la crema agria o el queso cottage Daisy\u00ae, mira si te la hemos contestado aqu\u00ed. En caso contrario, puedes ponerte en contacto con nuestro servicio de atenci\u00f3n al cliente.","breadcrumb":{"@id":"https:\/\/www.daisybrand.com\/es\/preguntas-frecuentes\/#breadcrumb"},"inLanguage":"es","potentialAction":[{"@type":"ReadAction","target":["https:\/\/www.daisybrand.com\/es\/preguntas-frecuentes\/"]}]},{"@type":"BreadcrumbList","@id":"https:\/\/www.daisybrand.com\/es\/preguntas-frecuentes\/#breadcrumb","itemListElement":[{"@type":"ListItem","position":1,"name":"Home","item":"https:\/\/www.daisybrand.com\/es\/"},{"@type":"ListItem","position":2,"name":"Preguntas frecuentes"}]},{"@type":"WebSite","@id":"https:\/\/www.daisybrand.com\/es\/#website","url":"https:\/\/www.daisybrand.com\/es\/","name":"Daisy Brand - Sour Cream &amp; Cottage Cheese","description":"Welcome to daisybrand.com, learn more about Daisy Brand sour cream and cottage cheese. Discover great recipes and learn the answers to common questions.","potentialAction":[{"@type":"SearchAction","target":{"@type":"EntryPoint","urlTemplate":"https:\/\/www.daisybrand.com\/es\/?s={search_term_string}"},"query-input":{"@type":"PropertyValueSpecification","valueRequired":true,"valueName":"search_term_string"}}],"inLanguage":"es"}]}},"_links":{"self":[{"href":"https:\/\/www.daisybrand.com\/es\/wp-json\/wp\/v2\/pages\/523","targetHints":{"allow":["GET"]}}],"collection":[{"href":"https:\/\/www.daisybrand.com\/es\/wp-json\/wp\/v2\/pages"}],"about":[{"href":"https:\/\/www.daisybrand.com\/es\/wp-json\/wp\/v2\/types\/page"}],"author":[{"embeddable":true,"href":"https:\/\/www.daisybrand.com\/es\/wp-json\/wp\/v2\/users\/32"}],"replies":[{"embeddable":true,"href":"https:\/\/www.daisybrand.com\/es\/wp-json\/wp\/v2\/comments?post=523"}],"version-history":[{"count":11,"href":"https:\/\/www.daisybrand.com\/es\/wp-json\/wp\/v2\/pages\/523\/revisions"}],"predecessor-version":[{"id":59105,"href":"https:\/\/www.daisybrand.com\/es\/wp-json\/wp\/v2\/pages\/523\/revisions\/59105"}],"wp:attachment":[{"href":"https:\/\/www.daisybrand.com\/es\/wp-json\/wp\/v2\/media?parent=523"}],"curies":[{"name":"wp","href":"https:\/\/api.w.org\/{rel}","templated":true}]}}