{"id":13451,"date":"2020-01-27T17:23:34","date_gmt":"2020-01-27T17:23:34","guid":{"rendered":"https:\/\/www.daisybrand.com\/servicios-de-alimentacion\/"},"modified":"2022-07-05T15:29:59","modified_gmt":"2022-07-05T20:29:59","slug":"servicios-de-alimentacion","status":"publish","type":"page","link":"https:\/\/www.daisybrand.com\/es\/servicios-de-alimentacion\/","title":{"rendered":"Servicios de alimentaci\u00f3n"},"content":{"rendered":"<div class=\"wpb-content-wrapper\"><p>[vc_row][vc_column width=\u00bb1\/2&#8243;][vc_custom_heading heading_semantic=\u00bbh1&#8243; uncode_shortcode_id=\u00bb175882&#8243;]Encuentra los productos que van contigo[\/vc_custom_heading][vc_column_text]Los productos de Daisy est\u00e1n hechos con cero aditivos, conservantes o estabilizantes, con lo que se crea un sabor siempre garantizado en tus recetas.<!-- wpml:html_fragment --><\/p>\n<p>La nata agria Daisy Regular presenta una textura cremosa, que se presta para una amplia variedad de platos.<\/p>\n<p>La nata agria Daisy Light ofrece la misma calidad con un toque m\u00e1s saludable a la nata agria entera.<\/p>\n<p>La nata agria en tubo Daisy es el formato ideal para decorar r\u00e1pidamente tus recetas.<\/p>\n<p>Su sabor sin igual, su textura siempre fresca y su disponibilidad son solo algunas razones por las que Daisy se ha convertido en la nata agria m\u00e1s vendida del pa\u00eds.[\/vc_column_text][vc_column_text]<!-- wpml:html_fragment --><\/p>\n<h4 class=\"subheader\">Disponible en todo el pa\u00eds<\/h4>\n<p>Nuestros productos se pueden adquirir a trav\u00e9s de los principales distribuidores. Algunos centro de producci\u00f3n y supermercados mayoristas tambi\u00e9n tienen la marca Daisy.[\/vc_column_text][\/vc_column][vc_column width=\u00bb1\/2&#8243;][vc_single_image media=\u00bb548&#8243; media_width_percent=\u00bb100&#8243;][\/vc_column][\/vc_row][vc_row][vc_column width=\u00bb1\/1&#8243;][vc_empty_space empty_h=\u00bb2&#8243;][\/vc_column][\/vc_row][vc_row unlock_row_content=\u00bbyes\u00bb row_height_percent=\u00bb60&#8243; back_image=\u00bb13330&#8243; overlay_alpha=\u00bb50&#8243; gutter_size=\u00bb3&#8243; column_width_percent=\u00bb100&#8243; shift_y=\u00bb0&#8243; z_index=\u00bb0&#8243; row_height_pixel=\u00bb460&#8243;][vc_column column_width_percent=\u00bb100&#8243; gutter_size=\u00bb3&#8243; overlay_alpha=\u00bb50&#8243; shift_x=\u00bb0&#8243; shift_y=\u00bb0&#8243; shift_y_down=\u00bb0&#8243; z_index=\u00bb0&#8243; medium_width=\u00bb0&#8243; mobile_width=\u00bb0&#8243; width=\u00bb1\/1&#8243;][\/vc_column][\/vc_row][vc_row unlock_row=\u00bb\u00bb row_height_percent=\u00bb0&#8243; back_color=\u00bbcolor-xsdn\u00bb overlay_alpha=\u00bb50&#8243; gutter_size=\u00bb3&#8243; column_width_percent=\u00bb100&#8243; shift_y=\u00bb0&#8243; z_index=\u00bb0&#8243;][vc_column column_width_percent=\u00bb100&#8243; align_horizontal=\u00bbalign_center\u00bb gutter_size=\u00bb3&#8243; back_color=\u00bbcolor-xsdn\u00bb overlay_alpha=\u00bb50&#8243; shift_x=\u00bb0&#8243; shift_y=\u00bb-4&#8243; shift_y_fixed=\u00bbyes\u00bb shift_y_down=\u00bb0&#8243; z_index=\u00bb0&#8243; medium_width=\u00bb0&#8243; mobile_width=\u00bb0&#8243; width=\u00bb1\/1&#8243;][vc_custom_heading text_color=\u00bbsp-color-red\u00bb heading_semantic=\u00bbp\u00bb text_font=\u00bbfont-421327&#8243; text_size=\u00bbh3&#8243; text_weight=\u00bb600&#8243;]Contacto[\/vc_custom_heading][vc_custom_heading]\u00bfBuscas m\u00e1s informaci\u00f3n?[\/vc_custom_heading][vc_row_inner][vc_column_inner column_width_percent=\u00bb100&#8243; align_horizontal=\u00bbalign_center\u00bb gutter_size=\u00bb3&#8243; overlay_alpha=\u00bb50&#8243; shift_x=\u00bb0&#8243; shift_y=\u00bb0&#8243; shift_y_down=\u00bb0&#8243; z_index=\u00bb0&#8243; medium_width=\u00bb0&#8243; mobile_width=\u00bb0&#8243; width=\u00bb1\/2&#8243;][vc_icon icon_image=\u00bb7321&#8243; text_weight=\u00bb600&#8243; title=\u00bbFood Service\u00bb][\/vc_icon][vc_column_text]<a href=\"mailto:foodservice@daisybrand.com\">foodservice@daisybrand.com<\/a>[\/vc_column_text][\/vc_column_inner][vc_column_inner column_width_percent=\u00bb100&#8243; align_horizontal=\u00bbalign_center\u00bb gutter_size=\u00bb3&#8243; overlay_alpha=\u00bb50&#8243; shift_x=\u00bb0&#8243; shift_y=\u00bb0&#8243; shift_y_down=\u00bb0&#8243; z_index=\u00bb0&#8243; medium_width=\u00bb0&#8243; mobile_width=\u00bb0&#8243; width=\u00bb1\/2&#8243;][vc_icon icon_image=\u00bb7424&#8243; text_weight=\u00bb600&#8243; title=\u00bbLet&#8217;s Chat\u00bb][\/vc_icon][vc_column_text]<a href=\"tel:1-800-527-0205\">1-800-527-0205<\/a>[\/vc_column_text][\/vc_column_inner][\/vc_row_inner][\/vc_column][\/vc_row][vc_row][vc_column width=\u00bb1\/1&#8243;][vc_accordion typography=\u00bbyes\u00bb active_tab=\u00bb0&#8243;][vc_accordion_tab title=\u00bbVer informaci\u00f3n legal\u00bb tab_id=\u00bb1576619800-1-42&#8243;][vc_column_text]<!-- wpml:html_fragment --><\/p>\n<h4 class=\"subheader\">Cumplimiento de la Ley de Transparencia de las Cadenas de Suministro de California (SB657)<\/h4>\n<p>La marca Daisy desarrolla su actividad \u00e9ticamente y respetando toda la legislaci\u00f3n y normativa vigente en materia de trato digno a los trabajadores. Del mismo modo, tambi\u00e9n cabe esperar que nuestros proveedores cumplan la legislaci\u00f3n vigente, incluido el cumplimiento de la normativa laboral y la creaci\u00f3n de un espacio de trabajo seguro.<\/p>\n<p>La marca Daisy ha puesto en marcha un programa interno para solicitar informaci\u00f3n sobre cumplimiento normativo a nuestros principales proveedores, seg\u00fan lo establecido por la Ley de Transparencia de las Cadenas de Suministro de California.<\/p>\n<p>En caso de considerarse necesario, el personal de la marca Daisy podr\u00eda hacer, previo aviso, una auditor\u00eda aun proveedor. Si bien la marca Daisy se reserva el derecho a romper la relaci\u00f3n comercial con cualquier proveedor que incumpla nuestras pol\u00edticas, todos los casos de incumplimiento normativo se tratan de forma individual.<\/p>\n<p>La marca Daisy espera que sus empleados cumplan las normas de conducta m\u00e1s exigentes y act\u00faen en todo momento de una forma madura, responsable, honesta y \u00e9tica. Cabe esperar el mismo nivel de conducta en nuestros contratistas.<\/p>\n<p>La marca Daisy decidir\u00e1 si es necesaria formaci\u00f3n adicional, cambios en nuestros protocolos y normas de rendici\u00f3n de cuentas o cualquier otra comprobaci\u00f3n por parte de Daisy en nuestra cadena de suministro, para garantizar el cumplimiento de la Ley de Transparencia de las Cadenas de Suministro de California.[\/vc_column_text][\/vc_accordion_tab][\/vc_accordion][\/vc_column][\/vc_row][vc_row][vc_column width=\u00bb1\/1&#8243;][vc_empty_space empty_h=\u00bb3&#8243;][\/vc_column][\/vc_row]<\/p>\n<\/div>","protected":false},"excerpt":{"rendered":"<p>[vc_row][vc_column width=\u00bb1\/2&#8243;][vc_custom_heading heading_semantic=\u00bbh1&#8243; uncode_shortcode_id=\u00bb175882&#8243;]Encuentra los productos que van contigo[\/vc_custom_heading][vc_column_text]Los productos de Daisy est\u00e1n hechos con cero aditivos, conservantes o estabilizantes, [&hellip;]<\/p>\n","protected":false},"author":32,"featured_media":0,"parent":0,"menu_order":0,"comment_status":"closed","ping_status":"closed","template":"","meta":{"_acf_changed":false,"footnotes":""},"class_list":["post-13451","page","type-page","status-publish","hentry"],"acf":[],"yoast_head":"<!-- This site is optimized with the Yoast SEO plugin v27.5 - https:\/\/yoast.com\/product\/yoast-seo-wordpress\/ -->\n<title>Servicios de alimentaci\u00f3n - Daisy Brand - Sour Cream &amp; Cottage Cheese<\/title>\n<meta name=\"description\" content=\"Los productos de Daisy est\u00e1n hechos con cero aditivos, conservantes o estabilizantes, con lo que se crea un sabor siempre garantizado en tus recetas.\" \/>\n<meta name=\"robots\" content=\"index, follow, max-snippet:-1, max-image-preview:large, max-video-preview:-1\" \/>\n<link rel=\"canonical\" href=\"https:\/\/www.daisybrand.com\/food-service\/\" \/>\n<meta property=\"og:locale\" content=\"es_ES\" \/>\n<meta property=\"og:type\" content=\"article\" \/>\n<meta property=\"og:title\" content=\"Servicios de alimentaci\u00f3n - Daisy Brand - Sour Cream &amp; Cottage Cheese\" \/>\n<meta property=\"og:description\" content=\"Los productos de Daisy est\u00e1n hechos con cero aditivos, conservantes o estabilizantes, con lo que se crea un sabor siempre garantizado en tus recetas.\" \/>\n<meta property=\"og:url\" content=\"https:\/\/www.daisybrand.com\/food-service\/\" \/>\n<meta property=\"og:site_name\" content=\"Daisy Brand - Sour Cream &amp; Cottage Cheese\" \/>\n<meta property=\"article:publisher\" content=\"https:\/\/www.facebook.com\/daisybrand\/\" \/>\n<meta property=\"article:modified_time\" content=\"2022-07-05T20:29:59+00:00\" \/>\n<meta name=\"twitter:card\" content=\"summary_large_image\" \/>\n<meta name=\"twitter:label1\" content=\"Tiempo de lectura\" \/>\n\t<meta name=\"twitter:data1\" content=\"3 minutos\" \/>\n<script type=\"application\/ld+json\" class=\"yoast-schema-graph\">{\"@context\":\"https:\\\/\\\/schema.org\",\"@graph\":[{\"@type\":\"WebPage\",\"@id\":\"https:\\\/\\\/www.daisybrand.com\\\/food-service\\\/\",\"url\":\"https:\\\/\\\/www.daisybrand.com\\\/food-service\\\/\",\"name\":\"Servicios de alimentaci\u00f3n - Daisy Brand - Sour Cream &amp; Cottage Cheese\",\"isPartOf\":{\"@id\":\"https:\\\/\\\/www.daisybrand.com\\\/es\\\/#website\"},\"datePublished\":\"2020-01-27T17:23:34+00:00\",\"dateModified\":\"2022-07-05T20:29:59+00:00\",\"description\":\"Los productos de Daisy est\u00e1n hechos con cero aditivos, conservantes o estabilizantes, con lo que se crea un sabor siempre garantizado en tus recetas.\",\"breadcrumb\":{\"@id\":\"https:\\\/\\\/www.daisybrand.com\\\/food-service\\\/#breadcrumb\"},\"inLanguage\":\"es\",\"potentialAction\":[{\"@type\":\"ReadAction\",\"target\":[\"https:\\\/\\\/www.daisybrand.com\\\/food-service\\\/\"]}]},{\"@type\":\"BreadcrumbList\",\"@id\":\"https:\\\/\\\/www.daisybrand.com\\\/food-service\\\/#breadcrumb\",\"itemListElement\":[{\"@type\":\"ListItem\",\"position\":1,\"name\":\"Home\",\"item\":\"https:\\\/\\\/www.daisybrand.com\\\/es\\\/\"},{\"@type\":\"ListItem\",\"position\":2,\"name\":\"Servicios de alimentaci\u00f3n\"}]},{\"@type\":\"WebSite\",\"@id\":\"https:\\\/\\\/www.daisybrand.com\\\/es\\\/#website\",\"url\":\"https:\\\/\\\/www.daisybrand.com\\\/es\\\/\",\"name\":\"Daisy Brand - Sour Cream &amp; Cottage Cheese\",\"description\":\"Welcome to daisybrand.com, learn more about Daisy Brand sour cream and cottage cheese. Discover great recipes and learn the answers to common questions.\",\"potentialAction\":[{\"@type\":\"SearchAction\",\"target\":{\"@type\":\"EntryPoint\",\"urlTemplate\":\"https:\\\/\\\/www.daisybrand.com\\\/es\\\/?s={search_term_string}\"},\"query-input\":{\"@type\":\"PropertyValueSpecification\",\"valueRequired\":true,\"valueName\":\"search_term_string\"}}],\"inLanguage\":\"es\"}]}<\/script>\n<!-- \/ Yoast SEO plugin. -->","yoast_head_json":{"title":"Servicios de alimentaci\u00f3n - Daisy Brand - Sour Cream &amp; Cottage Cheese","description":"Los productos de Daisy est\u00e1n hechos con cero aditivos, conservantes o estabilizantes, con lo que se crea un sabor siempre garantizado en tus recetas.","robots":{"index":"index","follow":"follow","max-snippet":"max-snippet:-1","max-image-preview":"max-image-preview:large","max-video-preview":"max-video-preview:-1"},"canonical":"https:\/\/www.daisybrand.com\/food-service\/","og_locale":"es_ES","og_type":"article","og_title":"Servicios de alimentaci\u00f3n - Daisy Brand - Sour Cream &amp; Cottage Cheese","og_description":"Los productos de Daisy est\u00e1n hechos con cero aditivos, conservantes o estabilizantes, con lo que se crea un sabor siempre garantizado en tus recetas.","og_url":"https:\/\/www.daisybrand.com\/food-service\/","og_site_name":"Daisy Brand - Sour Cream &amp; Cottage Cheese","article_publisher":"https:\/\/www.facebook.com\/daisybrand\/","article_modified_time":"2022-07-05T20:29:59+00:00","twitter_card":"summary_large_image","twitter_misc":{"Tiempo de lectura":"3 minutos"},"schema":{"@context":"https:\/\/schema.org","@graph":[{"@type":"WebPage","@id":"https:\/\/www.daisybrand.com\/food-service\/","url":"https:\/\/www.daisybrand.com\/food-service\/","name":"Servicios de alimentaci\u00f3n - Daisy Brand - Sour Cream &amp; Cottage Cheese","isPartOf":{"@id":"https:\/\/www.daisybrand.com\/es\/#website"},"datePublished":"2020-01-27T17:23:34+00:00","dateModified":"2022-07-05T20:29:59+00:00","description":"Los productos de Daisy est\u00e1n hechos con cero aditivos, conservantes o estabilizantes, con lo que se crea un sabor siempre garantizado en tus recetas.","breadcrumb":{"@id":"https:\/\/www.daisybrand.com\/food-service\/#breadcrumb"},"inLanguage":"es","potentialAction":[{"@type":"ReadAction","target":["https:\/\/www.daisybrand.com\/food-service\/"]}]},{"@type":"BreadcrumbList","@id":"https:\/\/www.daisybrand.com\/food-service\/#breadcrumb","itemListElement":[{"@type":"ListItem","position":1,"name":"Home","item":"https:\/\/www.daisybrand.com\/es\/"},{"@type":"ListItem","position":2,"name":"Servicios de alimentaci\u00f3n"}]},{"@type":"WebSite","@id":"https:\/\/www.daisybrand.com\/es\/#website","url":"https:\/\/www.daisybrand.com\/es\/","name":"Daisy Brand - Sour Cream &amp; Cottage Cheese","description":"Welcome to daisybrand.com, learn more about Daisy Brand sour cream and cottage cheese. Discover great recipes and learn the answers to common questions.","potentialAction":[{"@type":"SearchAction","target":{"@type":"EntryPoint","urlTemplate":"https:\/\/www.daisybrand.com\/es\/?s={search_term_string}"},"query-input":{"@type":"PropertyValueSpecification","valueRequired":true,"valueName":"search_term_string"}}],"inLanguage":"es"}]}},"_links":{"self":[{"href":"https:\/\/www.daisybrand.com\/es\/wp-json\/wp\/v2\/pages\/13451","targetHints":{"allow":["GET"]}}],"collection":[{"href":"https:\/\/www.daisybrand.com\/es\/wp-json\/wp\/v2\/pages"}],"about":[{"href":"https:\/\/www.daisybrand.com\/es\/wp-json\/wp\/v2\/types\/page"}],"author":[{"embeddable":true,"href":"https:\/\/www.daisybrand.com\/es\/wp-json\/wp\/v2\/users\/32"}],"replies":[{"embeddable":true,"href":"https:\/\/www.daisybrand.com\/es\/wp-json\/wp\/v2\/comments?post=13451"}],"version-history":[{"count":6,"href":"https:\/\/www.daisybrand.com\/es\/wp-json\/wp\/v2\/pages\/13451\/revisions"}],"predecessor-version":[{"id":51030,"href":"https:\/\/www.daisybrand.com\/es\/wp-json\/wp\/v2\/pages\/13451\/revisions\/51030"}],"wp:attachment":[{"href":"https:\/\/www.daisybrand.com\/es\/wp-json\/wp\/v2\/media?parent=13451"}],"curies":[{"name":"wp","href":"https:\/\/api.w.org\/{rel}","templated":true}]}}