{"id":13407,"date":"2020-01-27T15:13:32","date_gmt":"2020-01-27T15:13:32","guid":{"rendered":"https:\/\/www.daisybrand.com\/trabaja-con-nosotros\/"},"modified":"2023-01-20T13:14:50","modified_gmt":"2023-01-20T19:14:50","slug":"trabaja-con-nosotros","status":"publish","type":"page","link":"https:\/\/www.daisybrand.com\/es\/trabaja-con-nosotros\/","title":{"rendered":"Trabaja con nosotros"},"content":{"rendered":"<div class=\"wpb-content-wrapper\"><p>[vc_row unlock_row=\u00bb\u00bb row_height_percent=\u00bb0&#8243; overlay_alpha=\u00bb50&#8243; gutter_size=\u00bb3&#8243; column_width_percent=\u00bb100&#8243; shift_y=\u00bb0&#8243; z_index=\u00bb0&#8243;][vc_column column_width_use_pixel=\u00bbyes\u00bb position_vertical=\u00bbmiddle\u00bb align_horizontal=\u00bbalign_center\u00bb gutter_size=\u00bb3&#8243; overlay_alpha=\u00bb50&#8243; shift_x=\u00bb0&#8243; shift_y=\u00bb0&#8243; shift_y_down=\u00bb0&#8243; z_index=\u00bb0&#8243; medium_width=\u00bb0&#8243; mobile_width=\u00bb0&#8243; width=\u00bb1\/1&#8243; column_width_pixel=\u00bb833&#8243;][vc_custom_heading heading_semantic=\u00bbh1&#8243; uncode_shortcode_id=\u00bb111322&#8243;]\u00danete a la empresa de la marca l\u00edder de nata agria y queso fresco[\/vc_custom_heading][vc_column_text]La marca Daisy es una empresa familiar que se entrega apasionadamente para ofrecerles a nuestros clientes productos, de los que podamos sentirnos muy orgullosos. Creemos que el desarrollo de los mejores productos pasa por contar con el mejor equipo, y buscamos permanentemente a personas cualificadas y apasionadas para que aporten su talento a la familia de la marca Daisy.[\/vc_column_text][vc_button button_color=\u00bbsp-color-red\u00bb size=\u00bbbtn-xl\u00bb border_width=\u00bb0&#8243; link=\u00bburl:https%3A%2F%2Fwww.paycomdfw.net%2Fv4%2Fats%2Findex.php%3F%2Fjobs%26clientkey%3DFA7CCA29E1A021C316D95A2ED1AA8AA4|target:%20_blank|\u00bb]buscar trabajos &gt;[\/vc_button][\/vc_column][\/vc_row][vc_row unlock_row=\u00bb\u00bb row_height_percent=\u00bb0&#8243; override_padding=\u00bbyes\u00bb h_padding=\u00bb2&#8243; top_padding=\u00bb3&#8243; bottom_padding=\u00bb3&#8243; back_color=\u00bbcolor-166439&#8243; overlay_alpha=\u00bb50&#8243; gutter_size=\u00bb3&#8243; column_width_percent=\u00bb100&#8243; shift_y=\u00bb0&#8243; z_index=\u00bb0&#8243;][vc_column column_width_percent=\u00bb100&#8243; position_vertical=\u00bbmiddle\u00bb align_horizontal=\u00bbalign_center\u00bb gutter_size=\u00bb3&#8243; overlay_alpha=\u00bb50&#8243; shift_x=\u00bb0&#8243; shift_y=\u00bb0&#8243; shift_y_down=\u00bb0&#8243; z_index=\u00bb0&#8243; medium_width=\u00bb4&#8243; mobile_width=\u00bb4&#8243; width=\u00bb1\/4&#8243;][vc_icon icon_image=\u00bb7931&#8243;][\/vc_icon][\/vc_column][vc_column column_width_percent=\u00bb100&#8243; position_vertical=\u00bbmiddle\u00bb align_horizontal=\u00bbalign_center\u00bb gutter_size=\u00bb3&#8243; overlay_alpha=\u00bb50&#8243; shift_x=\u00bb0&#8243; shift_y=\u00bb0&#8243; shift_y_down=\u00bb0&#8243; z_index=\u00bb0&#8243; medium_width=\u00bb4&#8243; mobile_width=\u00bb4&#8243; width=\u00bb1\/4&#8243;][vc_icon icon_image=\u00bb7933&#8243;][\/vc_icon][\/vc_column][vc_column column_width_percent=\u00bb100&#8243; position_vertical=\u00bbmiddle\u00bb align_horizontal=\u00bbalign_center\u00bb gutter_size=\u00bb3&#8243; overlay_alpha=\u00bb50&#8243; shift_x=\u00bb0&#8243; shift_y=\u00bb0&#8243; shift_y_down=\u00bb0&#8243; z_index=\u00bb0&#8243; medium_width=\u00bb4&#8243; mobile_width=\u00bb4&#8243; width=\u00bb1\/4&#8243;][vc_icon icon_image=\u00bb7935&#8243;][\/vc_icon][\/vc_column][vc_column column_width_percent=\u00bb100&#8243; position_vertical=\u00bbmiddle\u00bb align_horizontal=\u00bbalign_center\u00bb gutter_size=\u00bb3&#8243; overlay_alpha=\u00bb50&#8243; shift_x=\u00bb0&#8243; shift_y=\u00bb0&#8243; shift_y_down=\u00bb0&#8243; z_index=\u00bb0&#8243; medium_width=\u00bb4&#8243; mobile_width=\u00bb4&#8243; width=\u00bb1\/4&#8243;][vc_icon icon_image=\u00bb7937&#8243;][\/vc_icon][\/vc_column][\/vc_row][vc_row][vc_column column_width_percent=\u00bb100&#8243; position_vertical=\u00bbmiddle\u00bb gutter_size=\u00bb3&#8243; overlay_alpha=\u00bb50&#8243; shift_x=\u00bb0&#8243; shift_y=\u00bb0&#8243; shift_y_down=\u00bb0&#8243; z_index=\u00bb0&#8243; medium_width=\u00bb0&#8243; mobile_width=\u00bb0&#8243; width=\u00bb1\/1&#8243;][vc_tabs typography=\u00bbyes\u00bb][vc_tab title=\u00bbPor qu\u00e9 Daisy\u00bb tab_id=\u00bb1574177663-1-10&#8243;][vc_row_inner row_inner_height_percent=\u00bb0&#8243; overlay_alpha=\u00bb50&#8243; gutter_size=\u00bb0&#8243; shift_y=\u00bb0&#8243; z_index=\u00bb0&#8243; css=\u00bb.vc_custom_1653374600646{padding-bottom: 40px !important;}\u00bb uncode_shortcode_id=\u00bb743814&#8243; el_class=\u00bbbox-style1-row\u00bb][vc_column_inner column_width_percent=\u00bb100&#8243; gutter_size=\u00bb3&#8243; overlay_alpha=\u00bb50&#8243; border_color=\u00bbsp-color-light-blue\u00bb border_style=\u00bbsolid\u00bb shift_x=\u00bb0&#8243; shift_y=\u00bb0&#8243; shift_y_down=\u00bb0&#8243; z_index=\u00bb0&#8243; medium_width=\u00bb0&#8243; mobile_width=\u00bb0&#8243; width=\u00bb1\/2&#8243; css=\u00bb.vc_custom_1653374949408{border-right-width: 1px !important;padding-right: 30px !important;}\u00bb uncode_shortcode_id=\u00bb151690&#8243; border_color_type=\u00bbuncode-palette\u00bb][vc_icon position=\u00bbleft\u00bb icon_image=\u00bb7862&#8243; title=\u00bbGrowth\u00bb]Having grown to over a 50% market share, Daisy Sour Cream is the nation&#8217;s number one brand with distribution in all 50 states. Additionally, Daisy Brand is the largest brand in food service, military, and club and is recognized by consumers for \u00aba Dollop of Daisy\u00bb, a tagline that put this once small brand on the map.[\/vc_icon][\/vc_column_inner][vc_column_inner column_width_percent=\u00bb100&#8243; gutter_size=\u00bb3&#8243; overlay_alpha=\u00bb50&#8243; shift_x=\u00bb0&#8243; shift_y=\u00bb0&#8243; shift_y_down=\u00bb0&#8243; z_index=\u00bb0&#8243; medium_width=\u00bb0&#8243; mobile_width=\u00bb0&#8243; width=\u00bb1\/2&#8243; css=\u00bb.vc_custom_1653374658396{padding-right: 0px !important;padding-left: 30px !important;}\u00bb uncode_shortcode_id=\u00bb655258&#8243;][vc_icon position=\u00bbleft\u00bb icon_image=\u00bb7916&#8243; title=\u00bbBenefits\u00bb]We offer an industry leading benefits package to all employees that includes medical, dental, and vision insurance, short-term and long-term disability coverage, life insurance, a 401(k) plan with profit sharing, and much more.[\/vc_icon][\/vc_column_inner][\/vc_row_inner][vc_separator sep_color=\u00bbcolor-gyho\u00bb el_width=\u00bb1440px\u00bb el_height=\u00bb1px\u00bb][vc_row_inner row_inner_height_percent=\u00bb0&#8243; overlay_alpha=\u00bb50&#8243; gutter_size=\u00bb0&#8243; shift_y=\u00bb0&#8243; z_index=\u00bb0&#8243; css=\u00bb.vc_custom_1653374583928{padding-top: 40px !important;padding-bottom: 40px !important;}\u00bb uncode_shortcode_id=\u00bb208350&#8243; el_class=\u00bbbox-style1-row\u00bb][vc_column_inner column_width_percent=\u00bb100&#8243; gutter_size=\u00bb3&#8243; overlay_alpha=\u00bb50&#8243; border_color=\u00bbsp-color-light-blue\u00bb border_style=\u00bbsolid\u00bb shift_x=\u00bb0&#8243; shift_y=\u00bb0&#8243; shift_y_down=\u00bb0&#8243; z_index=\u00bb0&#8243; medium_width=\u00bb0&#8243; mobile_width=\u00bb0&#8243; width=\u00bb1\/2&#8243; css=\u00bb.vc_custom_1653374678223{border-right-width: 1px !important;padding-right: 30px !important;}\u00bb uncode_shortcode_id=\u00bb211810&#8243; border_color_type=\u00bbuncode-palette\u00bb][vc_icon position=\u00bbleft\u00bb title_aligned_icon=\u00bbyes\u00bb icon_image=\u00bb7923&#8243; title=\u00bbAwards\u00bb uncode_shortcode_id=\u00bb300452&#8243;]When a company excels in what it does, people take notice. Daisy Brand has won awards both for its products and for the way it does business. Below are a few of Daisy Brand&#8217;s awards:<\/p>\n<ul>\n<li>National Business Ethics Award<\/li>\n<li>Greater Dallas Business Ethics Award<\/li>\n<li>Best Places to Work in the Valley<\/li>\n<li>Best Companies to Work for in Texas<\/li>\n<li>Ernst &amp; Young Entrepreneur of the Year<\/li>\n<li>Silliker Food Safety Award<\/li>\n<li>Progressive Grocer Editors&#8217; Picks Award<\/li>\n<\/ul>\n<p>[\/vc_icon][\/vc_column_inner][vc_column_inner column_width_percent=\u00bb100&#8243; gutter_size=\u00bb3&#8243; overlay_alpha=\u00bb50&#8243; shift_x=\u00bb0&#8243; shift_y=\u00bb0&#8243; shift_y_down=\u00bb0&#8243; z_index=\u00bb0&#8243; medium_width=\u00bb0&#8243; mobile_width=\u00bb0&#8243; width=\u00bb1\/2&#8243; css=\u00bb.vc_custom_1653374668331{padding-right: 0px !important;padding-left: 30px !important;}\u00bb uncode_shortcode_id=\u00bb154420&#8243;][vc_icon position=\u00bbleft\u00bb title_aligned_icon=\u00bbyes\u00bb icon_image=\u00bb7920&#8243; title=\u00bbCulture\u00bb uncode_shortcode_id=\u00bb165314&#8243;]As a company we strive to:<\/p>\n<ul>\n<li>Act on family values<\/li>\n<li>Earn the trust of our customers<\/li>\n<li>Be learning and development motivated<\/li>\n<li>Build and maintain a respectful environment<\/li>\n<li>Provide best in class products<\/li>\n<li>Focus on sustainability and innovation<\/li>\n<li>Be environmentally friendly<\/li>\n<\/ul>\n<p>[\/vc_icon][\/vc_column_inner][\/vc_row_inner][\/vc_tab][vc_tab title=\u00bbUbicaciones\u00bb tab_id=\u00bb1577986620377-2-7&#8243;][vc_accordion el_class=\u00bbdefault-typography\u00bb][vc_accordion_tab title=\u00bbDallas (Texas)\u00bb tab_id=\u00bb1577990573-2-65&#8243;][vc_row_inner][vc_column_inner width=\u00bb1\/2&#8243;][vc_single_image media=\u00bb7866&#8243; media_width_percent=\u00bb100&#8243;][\/vc_column_inner][vc_column_inner width=\u00bb1\/2&#8243;][vc_column_text]Las oficinas centrales de la marca Daisy llevan en Dallas desde que la empresa se traslad\u00f3 desde Chicago en 1975. En las oficinas centrales se gestionan todas las actividades principales y all\u00ed trabaja casi una cuarta parte de la plantilla. Las oficinas centrales de la marca Daisy se encuentran al lado de la I-635 y de la Autov\u00eda 75, y est\u00e1n perfectamente comunicadas para ir de casa al trabajo todos los d\u00edas desde el \u00e1rea metropolitana de Dallas-Fort Worth.[\/vc_column_text][\/vc_column_inner][\/vc_row_inner][\/vc_accordion_tab][vc_accordion_tab title=\u00bbGarland (Texas)\u00bb tab_id=\u00bb1579137309721-1-10&#8243;][vc_row_inner][vc_column_inner width=\u00bb1\/2&#8243;][vc_single_image media=\u00bb12452&#8243; media_width_percent=\u00bb100&#8243;][\/vc_column_inner][vc_column_inner width=\u00bb1\/2&#8243;][vc_column_text]Nuestra nave industrial m\u00e1s grande, la planta de Garland, procesa casi medio mill\u00f3n de kilos de nata agria y queso fresco al d\u00eda. Al igual que el resto de plantas de la marca Daisy, la planta de Garland utiliza maquinaria de procesamiento y envasado de alta tecnolog\u00eda para garantizar la calidad de todas las unidades producidas. A un kil\u00f3metro y medio de la I-635, la planta tiene buenos accesos para ir al trabajo desde casa y para empresas de transporte.[\/vc_column_text][\/vc_column_inner][\/vc_row_inner][\/vc_accordion_tab][vc_accordion_tab title=\u00bbCasa Grande (Arizona)\u00bb tab_id=\u00bb1579138563848-2-2&#8243;][vc_row_inner][vc_column_inner width=\u00bb1\/2&#8243;][vc_single_image media=\u00bb12454&#8243; media_width_percent=\u00bb100&#8243;][\/vc_column_inner][vc_column_inner width=\u00bb1\/2&#8243;][vc_column_text uncode_shortcode_id=\u00bb721365&#8243;]La moderna planta de la marca Daisy en Casa Grande fue inaugurada en 2008 para asimilar la creciente demanda de nata agria y queso fresco Daisay en todo el territorio nacional. Ubicada en el coraz\u00f3n del condado de Pinal, rico en productos l\u00e1cteos, justo al lado de las autopistas 387 y 84, la planta est\u00e1 bien posicionada para recibir y procesar leche producida localmente para obtener un producto excepcionalmente fresco.. En 2015, la planta de Casa Grande fue seleccionada para ser la primera en producir la innovadora nata agria en envase squeeze de la marca Daisy.[\/vc_column_text][\/vc_column_inner][\/vc_row_inner][\/vc_accordion_tab][vc_accordion_tab title=\u00bbWooster (Ohio)\u00bb tab_id=\u00bb1579139367445-3-3&#8243;][vc_row_inner][vc_column_inner width=\u00bb1\/2&#8243;][vc_single_image media=\u00bb12456&#8243; media_width_percent=\u00bb100&#8243;][\/vc_column_inner][vc_column_inner width=\u00bb1\/2&#8243;][vc_column_text uncode_shortcode_id=\u00bb539429&#8243;]La planta de Daisy en Wooster fue inaugurada en 2016, convirti\u00e9ndose en el m\u00e1s nueva de nuestros tres centros de producci\u00f3n. Construida con la misma tecnolog\u00eda y conocimiento desarrollado en las plantas de Garland y Casa Grande, la planta de Wooster promete ser una parte fundamental de la producci\u00f3n de la empresa, a medida que crece el n\u00famero de consumidores fieles a la marca Daisy. Ubicado a la salida de Akron Rd en Wooster.[\/vc_column_text][\/vc_column_inner][\/vc_row_inner][\/vc_accordion_tab][\/vc_accordion][\/vc_tab][\/vc_tabs][\/vc_column][\/vc_row][vc_row][vc_column width=\u00bb1\/1&#8243;][uncode_slider slider_interval=\u00bb0&#8243; slider_navspeed=\u00bb400&#8243; slider_loop=\u00bbyes\u00bb el_id=\u00bbcareers-custom-slider\u00bb][vc_row_inner][vc_column_inner width=\u00bb1\/1&#8243;][vc_single_image media=\u00bb647&#8243; media_width_percent=\u00bb100&#8243;][\/vc_column_inner][\/vc_row_inner][vc_row_inner][vc_column_inner width=\u00bb1\/1&#8243;][vc_single_image media=\u00bb7907&#8243; media_width_percent=\u00bb100&#8243;][\/vc_column_inner][\/vc_row_inner][vc_row_inner][vc_column_inner width=\u00bb1\/1&#8243;][vc_single_image media=\u00bb7909&#8243; media_width_percent=\u00bb100&#8243;][\/vc_column_inner][\/vc_row_inner][vc_row_inner][vc_column_inner width=\u00bb1\/1&#8243;][vc_single_image media=\u00bb7908&#8243; media_width_percent=\u00bb100&#8243;][\/vc_column_inner][\/vc_row_inner][\/uncode_slider][\/vc_column][\/vc_row][vc_row][vc_column width=\u00bb1\/1&#8243;][vc_row_inner][vc_column_inner column_width_use_pixel=\u00bbyes\u00bb align_horizontal=\u00bbalign_center\u00bb gutter_size=\u00bb2&#8243; overlay_alpha=\u00bb50&#8243; shift_x=\u00bb0&#8243; shift_y=\u00bb0&#8243; shift_y_down=\u00bb0&#8243; z_index=\u00bb0&#8243; medium_width=\u00bb0&#8243; mobile_width=\u00bb0&#8243; width=\u00bb1\/1&#8243; column_width_pixel=\u00bb731&#8243;][vc_custom_heading text_color=\u00bbsp-color-red\u00bb heading_semantic=\u00bbh3&#8243; text_font=\u00bbfont-421327&#8243; text_size=\u00bbh3&#8243;]Contacto[\/vc_custom_heading][vc_custom_heading]Got Questions?[\/vc_custom_heading][vc_column_text]\u00bfTienes alguna pregunta sobre una oportunidad de trabajo en Daisy?<br \/>\nPor favor, ponte en contacto con nuestro departamento de recursos humanos.[\/vc_column_text][\/vc_column_inner][\/vc_row_inner]\n<div class=\"wpcf7 no-js\" id=\"wpcf7-f6-o1\" lang=\"en-US\" dir=\"ltr\" data-wpcf7-id=\"6\">\n<div class=\"screen-reader-response\"><p role=\"status\" aria-live=\"polite\" aria-atomic=\"true\"><\/p> <ul><\/ul><\/div>\n<form action=\"\/es\/wp-json\/wp\/v2\/pages\/13407#wpcf7-f6-o1\" method=\"post\" class=\"wpcf7-form init\" aria-label=\"Contact form\" novalidate=\"novalidate\" data-status=\"init\">\n<fieldset class=\"hidden-fields-container\"><input type=\"hidden\" name=\"_wpcf7\" value=\"6\" \/><input type=\"hidden\" name=\"_wpcf7_version\" value=\"6.1.5\" \/><input type=\"hidden\" name=\"_wpcf7_locale\" value=\"en_US\" \/><input type=\"hidden\" name=\"_wpcf7_unit_tag\" value=\"wpcf7-f6-o1\" \/><input type=\"hidden\" name=\"_wpcf7_container_post\" value=\"0\" \/><input type=\"hidden\" name=\"_wpcf7_posted_data_hash\" value=\"\" \/><input type=\"hidden\" name=\"_wpcf7cf_hidden_group_fields\" value=\"[]\" \/><input type=\"hidden\" name=\"_wpcf7cf_hidden_groups\" value=\"[]\" \/><input type=\"hidden\" name=\"_wpcf7cf_visible_groups\" value=\"[]\" \/><input type=\"hidden\" name=\"_wpcf7cf_repeaters\" value=\"[]\" \/><input type=\"hidden\" name=\"_wpcf7cf_steps\" value=\"{}\" \/><input type=\"hidden\" name=\"_wpcf7cf_options\" value=\"{&quot;form_id&quot;:6,&quot;conditions&quot;:[],&quot;settings&quot;:{&quot;animation&quot;:&quot;yes&quot;,&quot;animation_intime&quot;:200,&quot;animation_outtime&quot;:200,&quot;conditions_ui&quot;:&quot;normal&quot;,&quot;notice_dismissed&quot;:true,&quot;notice_dismissed_rollback-cf7-5.8.1&quot;:true,&quot;notice_dismissed_rollback-cf7-5.8.4&quot;:true,&quot;notice_dismissed_rollback-cf7-5.8.7&quot;:true,&quot;notice_dismissed_rollback-cf7-5.9.2&quot;:true,&quot;notice_dismissed_rollback-cf7-5.9.3&quot;:true,&quot;notice_dismissed_rollback-cf7-5.9.5&quot;:true}}\" \/><input type=\"hidden\" name=\"_wpcf7_recaptcha_response\" value=\"\" \/>\n<\/fieldset>\n<div class=\"split split-moible margin-top-20 padding-right\">\n\t<p><label>First Name*<span class=\"wpcf7-form-control-wrap\" data-name=\"first-name\"><input size=\"40\" maxlength=\"400\" class=\"wpcf7-form-control wpcf7-text wpcf7-validates-as-required\" aria-required=\"true\" aria-invalid=\"false\" value=\"\" type=\"text\" name=\"first-name\" \/><\/span> <\/label>\n\t<\/p>\n<\/div>\n<div class=\"split split-moible margin-top-20\">\n\t<p><label>Last Name*<span class=\"wpcf7-form-control-wrap\" data-name=\"last-name\"><input size=\"40\" maxlength=\"400\" class=\"wpcf7-form-control wpcf7-text wpcf7-validates-as-required\" aria-required=\"true\" aria-invalid=\"false\" value=\"\" type=\"text\" name=\"last-name\" \/><\/span> <\/label>\n\t<\/p>\n<\/div>\n<div class=\"full-width margin-top-20\">\n\t<p><label>Email*<span class=\"wpcf7-form-control-wrap\" data-name=\"your-email\"><input size=\"40\" maxlength=\"400\" class=\"wpcf7-form-control wpcf7-email wpcf7-validates-as-required wpcf7-text wpcf7-validates-as-email\" aria-required=\"true\" aria-invalid=\"false\" value=\"\" type=\"email\" name=\"your-email\" \/><\/span> <\/label>\n\t<\/p>\n<\/div>\n<div class=\"full-width margin-top-20\">\n\t<p><label>Message*<span class=\"wpcf7-form-control-wrap\" data-name=\"your-message\"><textarea cols=\"40\" rows=\"10\" maxlength=\"2000\" class=\"wpcf7-form-control wpcf7-textarea wpcf7-validates-as-required\" aria-required=\"true\" aria-invalid=\"false\" name=\"your-message\"><\/textarea><\/span><\/label>\n\t<\/p>\n<\/div>\n<p><input class=\"wpcf7-form-control wpcf7-submit has-spinner\" type=\"submit\" value=\"submit &gt;\" \/>\n<\/p><div class=\"wpcf7-response-output\" aria-hidden=\"true\"><\/div>\n<\/form>\n<\/div>\n[\/vc_column][\/vc_row]<\/p>\n<\/div>","protected":false},"excerpt":{"rendered":"<p>[vc_row unlock_row=\u00bb\u00bb row_height_percent=\u00bb0&#8243; overlay_alpha=\u00bb50&#8243; gutter_size=\u00bb3&#8243; column_width_percent=\u00bb100&#8243; shift_y=\u00bb0&#8243; z_index=\u00bb0&#8243;][vc_column column_width_use_pixel=\u00bbyes\u00bb position_vertical=\u00bbmiddle\u00bb align_horizontal=\u00bbalign_center\u00bb gutter_size=\u00bb3&#8243; overlay_alpha=\u00bb50&#8243; shift_x=\u00bb0&#8243; shift_y=\u00bb0&#8243; shift_y_down=\u00bb0&#8243; z_index=\u00bb0&#8243; medium_width=\u00bb0&#8243; mobile_width=\u00bb0&#8243; width=\u00bb1\/1&#8243; [&hellip;]<\/p>\n","protected":false},"author":32,"featured_media":0,"parent":0,"menu_order":0,"comment_status":"closed","ping_status":"closed","template":"","meta":{"_acf_changed":false,"footnotes":""},"class_list":["post-13407","page","type-page","status-publish","hentry"],"acf":[],"yoast_head":"<!-- This site is optimized with the Yoast SEO plugin v27.3 - https:\/\/yoast.com\/product\/yoast-seo-wordpress\/ -->\n<title>Trabaja con nosotros - Daisy Brand - Sour Cream &amp; Cottage Cheese<\/title>\n<meta name=\"description\" content=\"\u00danete a la empresa de la marca l\u00edder de crema agria y queso cottage\" \/>\n<meta name=\"robots\" content=\"index, follow, max-snippet:-1, max-image-preview:large, max-video-preview:-1\" \/>\n<link rel=\"canonical\" href=\"https:\/\/www.daisybrand.com\/careers\/\" \/>\n<meta property=\"og:locale\" content=\"es_ES\" \/>\n<meta property=\"og:type\" content=\"article\" \/>\n<meta property=\"og:title\" content=\"Trabaja con nosotros - Daisy Brand - Sour Cream &amp; Cottage Cheese\" \/>\n<meta property=\"og:description\" content=\"\u00danete a la empresa de la marca l\u00edder de crema agria y queso cottage\" \/>\n<meta property=\"og:url\" content=\"https:\/\/www.daisybrand.com\/careers\/\" \/>\n<meta property=\"og:site_name\" content=\"Daisy Brand - Sour Cream &amp; Cottage Cheese\" \/>\n<meta property=\"article:publisher\" content=\"https:\/\/www.facebook.com\/daisybrand\/\" \/>\n<meta property=\"article:modified_time\" content=\"2023-01-20T19:14:50+00:00\" \/>\n<meta name=\"twitter:card\" content=\"summary_large_image\" \/>\n<meta name=\"twitter:label1\" content=\"Tiempo de lectura\" \/>\n\t<meta name=\"twitter:data1\" content=\"5 minutos\" \/>\n<script type=\"application\/ld+json\" class=\"yoast-schema-graph\">{\"@context\":\"https:\\\/\\\/schema.org\",\"@graph\":[{\"@type\":\"WebPage\",\"@id\":\"https:\\\/\\\/www.daisybrand.com\\\/careers\\\/\",\"url\":\"https:\\\/\\\/www.daisybrand.com\\\/careers\\\/\",\"name\":\"Trabaja con nosotros - Daisy Brand - Sour Cream &amp; Cottage Cheese\",\"isPartOf\":{\"@id\":\"https:\\\/\\\/www.daisybrand.com\\\/es\\\/#website\"},\"datePublished\":\"2020-01-27T15:13:32+00:00\",\"dateModified\":\"2023-01-20T19:14:50+00:00\",\"description\":\"\u00danete a la empresa de la marca l\u00edder de crema agria y queso cottage\",\"breadcrumb\":{\"@id\":\"https:\\\/\\\/www.daisybrand.com\\\/careers\\\/#breadcrumb\"},\"inLanguage\":\"es\",\"potentialAction\":[{\"@type\":\"ReadAction\",\"target\":[\"https:\\\/\\\/www.daisybrand.com\\\/careers\\\/\"]}]},{\"@type\":\"BreadcrumbList\",\"@id\":\"https:\\\/\\\/www.daisybrand.com\\\/careers\\\/#breadcrumb\",\"itemListElement\":[{\"@type\":\"ListItem\",\"position\":1,\"name\":\"Home\",\"item\":\"https:\\\/\\\/www.daisybrand.com\\\/es\\\/\"},{\"@type\":\"ListItem\",\"position\":2,\"name\":\"Trabaja con nosotros\"}]},{\"@type\":\"WebSite\",\"@id\":\"https:\\\/\\\/www.daisybrand.com\\\/es\\\/#website\",\"url\":\"https:\\\/\\\/www.daisybrand.com\\\/es\\\/\",\"name\":\"Daisy Brand - Sour Cream &amp; Cottage Cheese\",\"description\":\"Welcome to daisybrand.com, learn more about Daisy Brand sour cream and cottage cheese. Discover great recipes and learn the answers to common questions.\",\"potentialAction\":[{\"@type\":\"SearchAction\",\"target\":{\"@type\":\"EntryPoint\",\"urlTemplate\":\"https:\\\/\\\/www.daisybrand.com\\\/es\\\/?s={search_term_string}\"},\"query-input\":{\"@type\":\"PropertyValueSpecification\",\"valueRequired\":true,\"valueName\":\"search_term_string\"}}],\"inLanguage\":\"es\"}]}<\/script>\n<!-- \/ Yoast SEO plugin. -->","yoast_head_json":{"title":"Trabaja con nosotros - Daisy Brand - Sour Cream &amp; Cottage Cheese","description":"\u00danete a la empresa de la marca l\u00edder de crema agria y queso cottage","robots":{"index":"index","follow":"follow","max-snippet":"max-snippet:-1","max-image-preview":"max-image-preview:large","max-video-preview":"max-video-preview:-1"},"canonical":"https:\/\/www.daisybrand.com\/careers\/","og_locale":"es_ES","og_type":"article","og_title":"Trabaja con nosotros - Daisy Brand - Sour Cream &amp; Cottage Cheese","og_description":"\u00danete a la empresa de la marca l\u00edder de crema agria y queso cottage","og_url":"https:\/\/www.daisybrand.com\/careers\/","og_site_name":"Daisy Brand - Sour Cream &amp; Cottage Cheese","article_publisher":"https:\/\/www.facebook.com\/daisybrand\/","article_modified_time":"2023-01-20T19:14:50+00:00","twitter_card":"summary_large_image","twitter_misc":{"Tiempo de lectura":"5 minutos"},"schema":{"@context":"https:\/\/schema.org","@graph":[{"@type":"WebPage","@id":"https:\/\/www.daisybrand.com\/careers\/","url":"https:\/\/www.daisybrand.com\/careers\/","name":"Trabaja con nosotros - Daisy Brand - Sour Cream &amp; Cottage Cheese","isPartOf":{"@id":"https:\/\/www.daisybrand.com\/es\/#website"},"datePublished":"2020-01-27T15:13:32+00:00","dateModified":"2023-01-20T19:14:50+00:00","description":"\u00danete a la empresa de la marca l\u00edder de crema agria y queso cottage","breadcrumb":{"@id":"https:\/\/www.daisybrand.com\/careers\/#breadcrumb"},"inLanguage":"es","potentialAction":[{"@type":"ReadAction","target":["https:\/\/www.daisybrand.com\/careers\/"]}]},{"@type":"BreadcrumbList","@id":"https:\/\/www.daisybrand.com\/careers\/#breadcrumb","itemListElement":[{"@type":"ListItem","position":1,"name":"Home","item":"https:\/\/www.daisybrand.com\/es\/"},{"@type":"ListItem","position":2,"name":"Trabaja con nosotros"}]},{"@type":"WebSite","@id":"https:\/\/www.daisybrand.com\/es\/#website","url":"https:\/\/www.daisybrand.com\/es\/","name":"Daisy Brand - Sour Cream &amp; Cottage Cheese","description":"Welcome to daisybrand.com, learn more about Daisy Brand sour cream and cottage cheese. Discover great recipes and learn the answers to common questions.","potentialAction":[{"@type":"SearchAction","target":{"@type":"EntryPoint","urlTemplate":"https:\/\/www.daisybrand.com\/es\/?s={search_term_string}"},"query-input":{"@type":"PropertyValueSpecification","valueRequired":true,"valueName":"search_term_string"}}],"inLanguage":"es"}]}},"_links":{"self":[{"href":"https:\/\/www.daisybrand.com\/es\/wp-json\/wp\/v2\/pages\/13407","targetHints":{"allow":["GET"]}}],"collection":[{"href":"https:\/\/www.daisybrand.com\/es\/wp-json\/wp\/v2\/pages"}],"about":[{"href":"https:\/\/www.daisybrand.com\/es\/wp-json\/wp\/v2\/types\/page"}],"author":[{"embeddable":true,"href":"https:\/\/www.daisybrand.com\/es\/wp-json\/wp\/v2\/users\/32"}],"replies":[{"embeddable":true,"href":"https:\/\/www.daisybrand.com\/es\/wp-json\/wp\/v2\/comments?post=13407"}],"version-history":[{"count":15,"href":"https:\/\/www.daisybrand.com\/es\/wp-json\/wp\/v2\/pages\/13407\/revisions"}],"predecessor-version":[{"id":52775,"href":"https:\/\/www.daisybrand.com\/es\/wp-json\/wp\/v2\/pages\/13407\/revisions\/52775"}],"wp:attachment":[{"href":"https:\/\/www.daisybrand.com\/es\/wp-json\/wp\/v2\/media?parent=13407"}],"curies":[{"name":"wp","href":"https:\/\/api.w.org\/{rel}","templated":true}]}}