{"id":13381,"date":"2020-01-24T05:08:10","date_gmt":"2020-01-24T05:08:10","guid":{"rendered":"https:\/\/www.daisybrand.com\/queso-fresco\/"},"modified":"2022-12-29T22:16:57","modified_gmt":"2022-12-30T04:16:57","slug":"queso-fresco","status":"publish","type":"page","link":"https:\/\/www.daisybrand.com\/es\/queso-fresco\/","title":{"rendered":"Queso cottage"},"content":{"rendered":"<div class=\"wpb-content-wrapper\"><p>[vc_row row_height_percent=\u00bb0&#8243; back_color=\u00bbsp-color-light-blue\u00bb overlay_alpha=\u00bb50&#8243; gutter_size=\u00bb3&#8243; column_width_percent=\u00bb100&#8243; shift_y=\u00bb0&#8243; z_index=\u00bb0&#8243;][vc_column column_width_use_pixel=\u00bbyes\u00bb align_horizontal=\u00bbalign_center\u00bb gutter_size=\u00bb3&#8243; overlay_alpha=\u00bb50&#8243; shift_x=\u00bb0&#8243; shift_y=\u00bb0&#8243; shift_y_down=\u00bb0&#8243; z_index=\u00bb0&#8243; medium_width=\u00bb0&#8243; mobile_width=\u00bb0&#8243; width=\u00bb1\/1&#8243; css=\u00bb.vc_custom_1571604993694{border-right-width: 2px !important;border-left-width: 2px !important;}\u00bb column_width_pixel=\u00bb720&#8243;][vc_empty_space empty_h=\u00bb2&#8243; mobile_visibility=\u00bbyes\u00bb][vc_custom_heading text_color=\u00bbsp-daisy-blue\u00bb]Daisy Queso Cottage[\/vc_custom_heading][vc_separator sep_color=\u00bbsp-color-red\u00bb el_width=\u00bb140px\u00bb el_height=\u00bb5px\u00bb][vc_column_text]Especialmente elaborado para dar un sabor fresco y cremoso en cada bocado. Repleto de prote\u00ednas para recargar tu d\u00eda.[\/vc_column_text][\/vc_column][\/vc_row][vc_row row_height_percent=\u00bb0&#8243; back_color=\u00bbsp-color-light-blue\u00bb overlay_alpha=\u00bb50&#8243; gutter_size=\u00bb3&#8243; column_width_percent=\u00bb100&#8243; shift_y=\u00bb0&#8243; z_index=\u00bb0&#8243; el_class=\u00bbnutrition-media\u00bb][vc_column column_width_percent=\u00bb100&#8243; align_horizontal=\u00bbalign_center\u00bb gutter_size=\u00bb3&#8243; overlay_alpha=\u00bb50&#8243; shift_x=\u00bb0&#8243; shift_y=\u00bb0&#8243; shift_y_down=\u00bb0&#8243; z_index=\u00bb0&#8243; medium_width=\u00bb0&#8243; mobile_width=\u00bb0&#8243; width=\u00bb1\/2&#8243;][vc_single_image media=\u00bb50894&#8243; caption=\u00bbyes\u00bb media_width_percent=\u00bb100&#8243; uncode_shortcode_id=\u00bb122796&#8243;][vc_column_text uncode_shortcode_id=\u00bb146749&#8243;]Servicio individual con compota de fruta real de 1.7 oz.[\/vc_column_text][\/vc_column][vc_column column_width_percent=\u00bb100&#8243; align_horizontal=\u00bbalign_center\u00bb gutter_size=\u00bb3&#8243; overlay_alpha=\u00bb50&#8243; shift_x=\u00bb0&#8243; shift_y=\u00bb0&#8243; shift_y_down=\u00bb0&#8243; z_index=\u00bb0&#8243; medium_width=\u00bb0&#8243; mobile_width=\u00bb0&#8243; width=\u00bb1\/2&#8243;][vc_single_image media=\u00bb50903&#8243; caption=\u00bbyes\u00bb media_width_percent=\u00bb100&#8243; uncode_shortcode_id=\u00bb114427&#8243;][vc_column_text]2-packs de queso cottage en tama\u00f1o personal.[\/vc_column_text][\/vc_column][\/vc_row][vc_row row_height_percent=\u00bb0&#8243; back_color=\u00bbsp-color-light-blue\u00bb overlay_alpha=\u00bb50&#8243; gutter_size=\u00bb3&#8243; column_width_percent=\u00bb100&#8243; shift_y=\u00bb0&#8243; z_index=\u00bb0&#8243; el_class=\u00bbnutrition-media\u00bb][vc_column column_width_percent=\u00bb100&#8243; align_horizontal=\u00bbalign_center\u00bb gutter_size=\u00bb3&#8243; overlay_alpha=\u00bb50&#8243; shift_x=\u00bb0&#8243; shift_y=\u00bb0&#8243; shift_y_down=\u00bb0&#8243; z_index=\u00bb0&#8243; medium_width=\u00bb0&#8243; mobile_width=\u00bb0&#8243; width=\u00bb1\/2&#8243;][vc_single_image media=\u00bb51699&#8243; caption=\u00bbyes\u00bb media_width_percent=\u00bb100&#8243; uncode_shortcode_id=\u00bb203571&#8243;][vc_column_text]Daisy Pure &amp; Natural\u00ae 4% Cottage Cheese es el sabor cl\u00e1sico, rico y cremoso de Daisy que define el queso cottage como debe ser.[\/vc_column_text][\/vc_column][vc_column column_width_percent=\u00bb100&#8243; align_horizontal=\u00bbalign_center\u00bb gutter_size=\u00bb3&#8243; overlay_alpha=\u00bb50&#8243; shift_x=\u00bb0&#8243; shift_y=\u00bb0&#8243; shift_y_down=\u00bb0&#8243; z_index=\u00bb0&#8243; medium_width=\u00bb0&#8243; mobile_width=\u00bb0&#8243; width=\u00bb1\/2&#8243;][vc_single_image media=\u00bb51697&#8243; caption=\u00bbyes\u00bb media_width_percent=\u00bb100&#8243; uncode_shortcode_id=\u00bb121044&#8243;][vc_column_text]Daisy Cottage Cheese 2% es el queso cottage ligero &amp; cremoso con todo el sabor y menos culpa.[\/vc_column_text][\/vc_column][\/vc_row][vc_row row_height_percent=\u00bb0&#8243; override_padding=\u00bbyes\u00bb h_padding=\u00bb2&#8243; top_padding=\u00bb2&#8243; bottom_padding=\u00bb3&#8243; back_color=\u00bbsp-color-light-blue\u00bb overlay_alpha=\u00bb50&#8243; gutter_size=\u00bb3&#8243; column_width_percent=\u00bb100&#8243; shift_y=\u00bb0&#8243; z_index=\u00bb0&#8243;][vc_column column_width_percent=\u00bb100&#8243; align_horizontal=\u00bbalign_center\u00bb gutter_size=\u00bb3&#8243; overlay_alpha=\u00bb50&#8243; shift_x=\u00bb0&#8243; shift_y=\u00bb0&#8243; shift_y_down=\u00bb0&#8243; z_index=\u00bb0&#8243; medium_width=\u00bb0&#8243; mobile_width=\u00bb0&#8243; width=\u00bb1\/1&#8243;][vc_custom_heading heading_semantic=\u00bbh3&#8243; text_font=\u00bbfont-421327&#8243; text_size=\u00bbh3&#8243; text_weight=\u00bb600&#8243;]Ver la informaci\u00f3n nutricional[\/vc_custom_heading][vc_row_inner row_inner_height_percent=\u00bb0&#8243; overlay_alpha=\u00bb50&#8243; gutter_size=\u00bb3&#8243; shift_y=\u00bb0&#8243; z_index=\u00bb0&#8243; el_class=\u00bbno-padding-btns-container\u00bb][vc_column_inner column_width_percent=\u00bb100&#8243; align_horizontal=\u00bbalign_right\u00bb gutter_size=\u00bb3&#8243; overlay_alpha=\u00bb50&#8243; shift_x=\u00bb0&#8243; shift_y=\u00bb0&#8243; shift_y_down=\u00bb0&#8243; z_index=\u00bb0&#8243; align_medium=\u00bbalign_center_tablet\u00bb medium_width=\u00bb0&#8243; align_mobile=\u00bbalign_center_mobile\u00bb mobile_width=\u00bb0&#8243; width=\u00bb1\/3&#8243;][vc_button button_color=\u00bbsp-daisy-blue\u00bb size=\u00bbbtn-xl\u00bb border_width=\u00bb0&#8243; lbox_skin=\u00bbwhite\u00bb width=\u00bb320&#8243; media_lightbox=\u00bb13019&#8243;]Daisy 4% Queso Cottage[\/vc_button][\/vc_column_inner][vc_column_inner column_width_percent=\u00bb100&#8243; align_horizontal=\u00bbalign_center\u00bb gutter_size=\u00bb3&#8243; overlay_alpha=\u00bb50&#8243; shift_x=\u00bb0&#8243; shift_y=\u00bb0&#8243; shift_y_down=\u00bb0&#8243; z_index=\u00bb0&#8243; medium_width=\u00bb0&#8243; mobile_width=\u00bb0&#8243; width=\u00bb1\/3&#8243;][vc_button button_color=\u00bbsp-daisy-blue\u00bb size=\u00bbbtn-xl\u00bb border_width=\u00bb0&#8243; lbox_skin=\u00bbwhite\u00bb width=\u00bb320&#8243; media_lightbox=\u00bb51171&#8243; button_color_type=\u00bbuncode-palette\u00bb uncode_shortcode_id=\u00bb123958&#8243;]Daisy 2% Queso Cottage Bajo en Grasa[\/vc_button][\/vc_column_inner][vc_column_inner column_width_percent=\u00bb100&#8243; align_horizontal=\u00bbalign_center\u00bb gutter_size=\u00bb3&#8243; overlay_alpha=\u00bb50&#8243; shift_x=\u00bb0&#8243; shift_y=\u00bb0&#8243; shift_y_down=\u00bb0&#8243; z_index=\u00bb0&#8243; medium_width=\u00bb0&#8243; mobile_width=\u00bb0&#8243; width=\u00bb1\/3&#8243;][vc_button button_color=\u00bbsp-daisy-blue\u00bb size=\u00bbbtn-xl\u00bb border_width=\u00bb0&#8243; lbox_skin=\u00bbwhite\u00bb lbox_title=\u00bbyes\u00bb lbox_connected=\u00bbyes\u00bb width=\u00bb320&#8243; media_lightbox=\u00bb49742&#8243; button_color_type=\u00bbuncode-palette\u00bb uncode_shortcode_id=\u00bb145608&#8243;]Daisy Queso Cottage con Fruta[\/vc_button][vc_button button_color=\u00bbsp-daisy-blue\u00bb size=\u00bbbtn-xl\u00bb border_width=\u00bb0&#8243; lbox_skin=\u00bbwhite\u00bb lbox_title=\u00bbyes\u00bb lbox_connected=\u00bbyes\u00bb width=\u00bb320&#8243; media_lightbox=\u00bb49744&#8243; el_class=\u00bbhidden\u00bb button_color_type=\u00bbuncode-palette\u00bb uncode_shortcode_id=\u00bb174316&#8243;]Daisy Queso Cottage con Fruta[\/vc_button][vc_button button_color=\u00bbsp-daisy-blue\u00bb size=\u00bbbtn-xl\u00bb border_width=\u00bb0&#8243; lbox_skin=\u00bbwhite\u00bb lbox_title=\u00bbyes\u00bb lbox_connected=\u00bbyes\u00bb width=\u00bb320&#8243; media_lightbox=\u00bb50887&#8243; el_class=\u00bbhidden\u00bb button_color_type=\u00bbuncode-palette\u00bb uncode_shortcode_id=\u00bb715556&#8243;]Daisy Queso Cottage con Fruta[\/vc_button][vc_button button_color=\u00bbsp-daisy-blue\u00bb size=\u00bbbtn-xl\u00bb border_width=\u00bb0&#8243; lbox_skin=\u00bbwhite\u00bb lbox_title=\u00bbyes\u00bb lbox_connected=\u00bbyes\u00bb width=\u00bb320&#8243; media_lightbox=\u00bb50881&#8243; el_class=\u00bbhidden\u00bb button_color_type=\u00bbuncode-palette\u00bb uncode_shortcode_id=\u00bb150376&#8243;]Daisy Queso Cottage con Fruta[\/vc_button][\/vc_column_inner][\/vc_row_inner][\/vc_column][\/vc_row][vc_row][vc_column column_width_percent=\u00bb100&#8243; align_horizontal=\u00bbalign_center\u00bb gutter_size=\u00bb3&#8243; overlay_alpha=\u00bb50&#8243; shift_x=\u00bb0&#8243; shift_y=\u00bb0&#8243; shift_y_down=\u00bb0&#8243; z_index=\u00bb0&#8243; medium_width=\u00bb0&#8243; mobile_width=\u00bb0&#8243; width=\u00bb1\/1&#8243;][vc_empty_space empty_h=\u00bb1&#8243; mobile_visibility=\u00bbyes\u00bb][vc_custom_heading]Las mejores recetas de queso cottage[\/vc_custom_heading][uncode_index el_id=\u00bbindex-114041&#8243; index_type=\u00bbcarousel\u00bb loop=\u00bbsize:12|order_by:menu_order|post_type:recipe|tax_query:252|taxonomy_count:10&#8243; carousel_lg=\u00bb3&#8243; carousel_md=\u00bb3&#8243; carousel_sm=\u00bb1&#8243; thumb_size=\u00bbtwo-three\u00bb gutter_size=\u00bb0&#8243; recipe_items=\u00bbmedia|featured|onpost|original,title\u00bb carousel_interval=\u00bb10000&#8243; carousel_navspeed=\u00bb400&#8243; carousel_nav=\u00bbyes\u00bb carousel_nav_mobile=\u00bbyes\u00bb carousel_dots=\u00bbyes\u00bb carousel_dots_mobile=\u00bbyes\u00bb stage_padding=\u00bb0&#8243; single_text=\u00bboverlay\u00bb single_overlay_coloration=\u00bbbottom_gradient\u00bb single_overlay_opacity=\u00bb30&#8243; single_v_position=\u00bbbottom\u00bb single_padding=\u00bb2&#8243; single_title_semantic=\u00bbh4&#8243; single_title_dimension=\u00bbh4&#8243;][\/vc_column][\/vc_row][vc_row][vc_column column_width_use_pixel=\u00bbyes\u00bb align_horizontal=\u00bbalign_center\u00bb gutter_size=\u00bb3&#8243; overlay_alpha=\u00bb50&#8243; shift_x=\u00bb0&#8243; shift_y=\u00bb0&#8243; shift_y_down=\u00bb0&#8243; z_index=\u00bb0&#8243; medium_width=\u00bb0&#8243; mobile_width=\u00bb0&#8243; width=\u00bb1\/1&#8243; column_width_pixel=\u00bb900&#8243;][vc_custom_heading]Dale un toque irresistible a todas tus recetas con Daisy\u00ae[\/vc_custom_heading][\/vc_column][\/vc_row][vc_row row_height_percent=\u00bb0&#8243; overlay_alpha=\u00bb50&#8243; gutter_size=\u00bb3&#8243; column_width_percent=\u00bb100&#8243; shift_y=\u00bb0&#8243; z_index=\u00bb0&#8243;][vc_column column_width_percent=\u00bb100&#8243; gutter_size=\u00bb3&#8243; font_family=\u00bbfont-421327&#8243; overlay_alpha=\u00bb50&#8243; shift_x=\u00bb0&#8243; shift_y=\u00bb0&#8243; shift_y_down=\u00bb0&#8243; z_index=\u00bb0&#8243; medium_width=\u00bb0&#8243; mobile_width=\u00bb0&#8243; width=\u00bb1\/1&#8243;][vc_tabs typography=\u00bbyes\u00bb][vc_tab title=\u00bbPara los golosos\u00bb tab_id=\u00bb1571606341-1-60dd54-07ce\u00bb][vc_row_inner][vc_column_inner width=\u00bb1\/3&#8243;][vc_icon position=\u00bbleft\u00bb icon_image=\u00bb7305&#8243; heading_semantic=\u00bbp\u00bb text_size=\u00bb\u00bb title=\u00bb\u00dantalo en tostadas o en un muffin ingl\u00e9s para hacerte un montadito con tu fiambre favorito.\u00bb][\/vc_icon][\/vc_column_inner][vc_column_inner width=\u00bb1\/3&#8243;][vc_icon position=\u00bbleft\u00bb icon_image=\u00bb7305&#8243; heading_semantic=\u00bbp\u00bb text_size=\u00bb\u00bb title=\u00bbA\u00f1\u00e1dele muesli y ponle bayas con un chorro de miel para darte un capricho sabroso.\u00bb][\/vc_icon][\/vc_column_inner][vc_column_inner width=\u00bb1\/3&#8243;][vc_icon position=\u00bbleft\u00bb icon_image=\u00bb7305&#8243; heading_semantic=\u00bbp\u00bb text_size=\u00bb\u00bb title=\u00bbM\u00e9zclalo en smoothies, masa de tortitas y avena para meterte un chute de prote\u00ednas.\u00bb][\/vc_icon][\/vc_column_inner][\/vc_row_inner][\/vc_tab][vc_tab title=\u00bbSabores m\u00e1s intensos\u00bb tab_id=\u00bb1571606341-2-13dd54-07ce\u00bb][vc_row_inner][vc_column_inner width=\u00bb1\/3&#8243;][vc_icon position=\u00bbleft\u00bb icon_image=\u00bb7305&#8243; heading_semantic=\u00bbp\u00bb text_size=\u00bb\u00bb title=\u00bbM\u00e9zclalo con salsa y disfr\u00fatalo con papas o tostadas.\u00bb][\/vc_icon][\/vc_column_inner][vc_column_inner width=\u00bb1\/3&#8243;][vc_icon position=\u00bbleft\u00bb icon_image=\u00bb7305&#8243; heading_semantic=\u00bbp\u00bb text_size=\u00bb\u00bb title=\u00bbM\u00e9zclalo con pico de gallo, a\u00f1ade una rodaja de aguacate y enr\u00f3llalo con una tortilla caliente.\u00bb][\/vc_icon][\/vc_column_inner][vc_column_inner width=\u00bb1\/3&#8243;][vc_icon position=\u00bbleft\u00bb icon_image=\u00bb7305&#8243; heading_semantic=\u00bbp\u00bb text_size=\u00bb\u00bb title=\u00bbM\u00e9zclalo con pasta hervida y pimienta negra molida.\u00bb][\/vc_icon][\/vc_column_inner][\/vc_row_inner][\/vc_tab][\/vc_tabs][\/vc_column][\/vc_row][vc_row][vc_column column_width_percent=\u00bb100&#8243; align_horizontal=\u00bbalign_center\u00bb gutter_size=\u00bb3&#8243; overlay_alpha=\u00bb50&#8243; shift_x=\u00bb0&#8243; shift_y=\u00bb0&#8243; shift_y_down=\u00bb0&#8243; z_index=\u00bb0&#8243; medium_width=\u00bb0&#8243; mobile_width=\u00bb0&#8243; width=\u00bb1\/1&#8243;][vc_custom_heading heading_semantic=\u00bbh3&#8243; text_size=\u00bbh3&#8243;]Nuestras historias[\/vc_custom_heading][\/vc_column][\/vc_row][vc_row][vc_column column_width_percent=\u00bb100&#8243; gutter_size=\u00bb3&#8243; overlay_alpha=\u00bb50&#8243; shift_x=\u00bb0&#8243; shift_y=\u00bb0&#8243; shift_y_down=\u00bb0&#8243; z_index=\u00bb0&#8243; medium_width=\u00bb0&#8243; mobile_width=\u00bb0&#8243; width=\u00bb1\/1&#8243; css=\u00bb.vc_custom_1579133105117{padding-bottom: 40px !important;}\u00bb][vc_gallery el_id=\u00bbgallery-513900&#8243; medias=\u00bb8675,8685,8682&#8243; gutter_size=\u00bb3&#8243; media_items=\u00bbmedia|lightbox|poster,icon\u00bb screen_lg=\u00bb1000&#8243; screen_md=\u00bb600&#8243; screen_sm=\u00bb480&#8243; images_size=\u00bbsixteen-nine\u00bb single_overlay_color=\u00bbcolor-jevc\u00bb single_overlay_coloration=\u00bbbottom_gradient\u00bb single_overlay_opacity=\u00bb50&#8243; single_h_align=\u00bbcenter\u00bb single_padding=\u00bb2&#8243; single_icon=\u00bbfa fa-play\u00bb single_border=\u00bbyes\u00bb single_css_animation=\u00bbzoom-in\u00bb single_animation_delay=\u00bb200&#8243; lbox_caption=\u00bbyes\u00bb][vc_empty_space empty_h=\u00bb2&#8243; medium_visibility=\u00bbyes\u00bb mobile_visibility=\u00bbyes\u00bb][\/vc_column][\/vc_row][vc_row unlock_row_content=\u00bbyes\u00bb row_height_percent=\u00bb50&#8243; override_padding=\u00bbyes\u00bb h_padding=\u00bb0&#8243; top_padding=\u00bb0&#8243; bottom_padding=\u00bb0&#8243; overlay_alpha=\u00bb50&#8243; equal_height=\u00bbyes\u00bb gutter_size=\u00bb0&#8243; column_width_percent=\u00bb100&#8243; shift_y=\u00bb0&#8243; z_index=\u00bb0&#8243; css=\u00bb.vc_custom_1579133244027{margin-bottom: -5px !important;}\u00bb][vc_column column_width_percent=\u00bb100&#8243; position_vertical=\u00bbmiddle\u00bb align_horizontal=\u00bbalign_center\u00bb gutter_size=\u00bb3&#8243; override_padding=\u00bbyes\u00bb column_padding=\u00bb0&#8243; style=\u00bblight\u00bb overlay_alpha=\u00bb50&#8243; shift_x=\u00bb0&#8243; shift_y=\u00bb0&#8243; shift_y_down=\u00bb0&#8243; z_index=\u00bb0&#8243; medium_width=\u00bb0&#8243; mobile_width=\u00bb0&#8243; width=\u00bb1\/2&#8243;][vc_single_image media=\u00bb23360&#8243; media_width_percent=\u00bb100&#8243; alignment=\u00bbcenter\u00bb advanced=\u00bbyes\u00bb media_items=\u00bbmedia|original,caption,title,icon|md\u00bb media_overlay_opacity=\u00bb30&#8243; media_overlay_visible=\u00bbyes\u00bb media_text_visible=\u00bbyes\u00bb media_h_align=\u00bbcenter\u00bb media_h_position=\u00bbcenter\u00bb media_padding=\u00bb2&#8243; media_title_dimension=\u00bbh2&#8243; media_icon=\u00bbfa fa-arrow-right2&#8243; media_link=\u00bburl:%2Fes%2Fnata-agria%2F|title:Crema%20Agria||\u00bb][\/vc_column][vc_column column_width_percent=\u00bb100&#8243; position_vertical=\u00bbmiddle\u00bb align_horizontal=\u00bbalign_center\u00bb gutter_size=\u00bb3&#8243; override_padding=\u00bbyes\u00bb column_padding=\u00bb0&#8243; overlay_alpha=\u00bb50&#8243; shift_x=\u00bb0&#8243; shift_y=\u00bb0&#8243; shift_y_down=\u00bb0&#8243; z_index=\u00bb0&#8243; medium_width=\u00bb0&#8243; mobile_width=\u00bb0&#8243; width=\u00bb1\/2&#8243;][vc_single_image media=\u00bb23354&#8243; media_width_percent=\u00bb100&#8243; alignment=\u00bbcenter\u00bb advanced=\u00bbyes\u00bb media_items=\u00bbmedia|original,caption,title,icon|md\u00bb media_overlay_opacity=\u00bb30&#8243; media_overlay_visible=\u00bbyes\u00bb media_text_visible=\u00bbyes\u00bb media_h_align=\u00bbcenter\u00bb media_h_position=\u00bbcenter\u00bb media_padding=\u00bb2&#8243; media_title_dimension=\u00bbh2&#8243; media_icon=\u00bbfa fa-arrow-right4&#8243; media_link=\u00bburl:%2Fes%2Frecetas%2F|title:Recetas||\u00bb][\/vc_column][\/vc_row]<\/p>\n<\/div>","protected":false},"excerpt":{"rendered":"<p>[vc_row row_height_percent=\u00bb0&#8243; back_color=\u00bbsp-color-light-blue\u00bb overlay_alpha=\u00bb50&#8243; gutter_size=\u00bb3&#8243; column_width_percent=\u00bb100&#8243; shift_y=\u00bb0&#8243; z_index=\u00bb0&#8243;][vc_column column_width_use_pixel=\u00bbyes\u00bb align_horizontal=\u00bbalign_center\u00bb gutter_size=\u00bb3&#8243; overlay_alpha=\u00bb50&#8243; shift_x=\u00bb0&#8243; shift_y=\u00bb0&#8243; shift_y_down=\u00bb0&#8243; z_index=\u00bb0&#8243; medium_width=\u00bb0&#8243; mobile_width=\u00bb0&#8243; width=\u00bb1\/1&#8243; css=\u00bb.vc_custom_1571604993694{border-right-width: [&hellip;]<\/p>\n","protected":false},"author":32,"featured_media":0,"parent":0,"menu_order":0,"comment_status":"closed","ping_status":"closed","template":"","meta":{"_acf_changed":false,"footnotes":""},"class_list":["post-13381","page","type-page","status-publish","hentry"],"acf":[],"yoast_head":"<!-- This site is optimized with the Yoast SEO plugin v27.2 - https:\/\/yoast.com\/product\/yoast-seo-wordpress\/ -->\n<title>Queso cottage - Daisy Brand - Sour Cream &amp; Cottage Cheese<\/title>\n<meta name=\"description\" content=\"Especialmente elaborado para dar un sabor fresco y cremoso en cada bocado. Repleto de prote\u00ednas para recargar tu d\u00eda.\" \/>\n<meta name=\"robots\" content=\"index, follow, max-snippet:-1, max-image-preview:large, max-video-preview:-1\" \/>\n<link rel=\"canonical\" href=\"https:\/\/www.daisybrand.com\/cottage-cheese-2\/\" \/>\n<meta property=\"og:locale\" content=\"es_ES\" \/>\n<meta property=\"og:type\" content=\"article\" \/>\n<meta property=\"og:title\" content=\"Queso cottage - Daisy Brand - Sour Cream &amp; Cottage Cheese\" \/>\n<meta property=\"og:description\" content=\"Especialmente elaborado para dar un sabor fresco y cremoso en cada bocado. Repleto de prote\u00ednas para recargar tu d\u00eda.\" \/>\n<meta property=\"og:url\" content=\"https:\/\/www.daisybrand.com\/cottage-cheese-2\/\" \/>\n<meta property=\"og:site_name\" content=\"Daisy Brand - Sour Cream &amp; Cottage Cheese\" \/>\n<meta property=\"article:publisher\" content=\"https:\/\/www.facebook.com\/daisybrand\/\" \/>\n<meta property=\"article:modified_time\" content=\"2022-12-30T04:16:57+00:00\" \/>\n<meta name=\"twitter:card\" content=\"summary_large_image\" \/>\n<meta name=\"twitter:label1\" content=\"Tiempo de lectura\" \/>\n\t<meta name=\"twitter:data1\" content=\"3 minutos\" \/>\n<script type=\"application\/ld+json\" class=\"yoast-schema-graph\">{\"@context\":\"https:\/\/schema.org\",\"@graph\":[{\"@type\":\"WebPage\",\"@id\":\"https:\/\/www.daisybrand.com\/cottage-cheese-2\/\",\"url\":\"https:\/\/www.daisybrand.com\/cottage-cheese-2\/\",\"name\":\"Queso cottage - Daisy Brand - Sour Cream &amp; Cottage Cheese\",\"isPartOf\":{\"@id\":\"https:\/\/www.daisybrand.com\/es\/#website\"},\"datePublished\":\"2020-01-24T05:08:10+00:00\",\"dateModified\":\"2022-12-30T04:16:57+00:00\",\"description\":\"Especialmente elaborado para dar un sabor fresco y cremoso en cada bocado. Repleto de prote\u00ednas para recargar tu d\u00eda.\",\"breadcrumb\":{\"@id\":\"https:\/\/www.daisybrand.com\/cottage-cheese-2\/#breadcrumb\"},\"inLanguage\":\"es\",\"potentialAction\":[{\"@type\":\"ReadAction\",\"target\":[\"https:\/\/www.daisybrand.com\/cottage-cheese-2\/\"]}]},{\"@type\":\"BreadcrumbList\",\"@id\":\"https:\/\/www.daisybrand.com\/cottage-cheese-2\/#breadcrumb\",\"itemListElement\":[{\"@type\":\"ListItem\",\"position\":1,\"name\":\"Home\",\"item\":\"https:\/\/www.daisybrand.com\/es\/\"},{\"@type\":\"ListItem\",\"position\":2,\"name\":\"Queso cottage\"}]},{\"@type\":\"WebSite\",\"@id\":\"https:\/\/www.daisybrand.com\/es\/#website\",\"url\":\"https:\/\/www.daisybrand.com\/es\/\",\"name\":\"Daisy Brand - Sour Cream &amp; Cottage Cheese\",\"description\":\"Welcome to daisybrand.com, learn more about Daisy Brand sour cream and cottage cheese. Discover great recipes and learn the answers to common questions.\",\"potentialAction\":[{\"@type\":\"SearchAction\",\"target\":{\"@type\":\"EntryPoint\",\"urlTemplate\":\"https:\/\/www.daisybrand.com\/es\/?s={search_term_string}\"},\"query-input\":{\"@type\":\"PropertyValueSpecification\",\"valueRequired\":true,\"valueName\":\"search_term_string\"}}],\"inLanguage\":\"es\"}]}<\/script>\n<!-- \/ Yoast SEO plugin. -->","yoast_head_json":{"title":"Queso cottage - Daisy Brand - Sour Cream &amp; Cottage Cheese","description":"Especialmente elaborado para dar un sabor fresco y cremoso en cada bocado. Repleto de prote\u00ednas para recargar tu d\u00eda.","robots":{"index":"index","follow":"follow","max-snippet":"max-snippet:-1","max-image-preview":"max-image-preview:large","max-video-preview":"max-video-preview:-1"},"canonical":"https:\/\/www.daisybrand.com\/cottage-cheese-2\/","og_locale":"es_ES","og_type":"article","og_title":"Queso cottage - Daisy Brand - Sour Cream &amp; Cottage Cheese","og_description":"Especialmente elaborado para dar un sabor fresco y cremoso en cada bocado. Repleto de prote\u00ednas para recargar tu d\u00eda.","og_url":"https:\/\/www.daisybrand.com\/cottage-cheese-2\/","og_site_name":"Daisy Brand - Sour Cream &amp; Cottage Cheese","article_publisher":"https:\/\/www.facebook.com\/daisybrand\/","article_modified_time":"2022-12-30T04:16:57+00:00","twitter_card":"summary_large_image","twitter_misc":{"Tiempo de lectura":"3 minutos"},"schema":{"@context":"https:\/\/schema.org","@graph":[{"@type":"WebPage","@id":"https:\/\/www.daisybrand.com\/cottage-cheese-2\/","url":"https:\/\/www.daisybrand.com\/cottage-cheese-2\/","name":"Queso cottage - Daisy Brand - Sour Cream &amp; Cottage Cheese","isPartOf":{"@id":"https:\/\/www.daisybrand.com\/es\/#website"},"datePublished":"2020-01-24T05:08:10+00:00","dateModified":"2022-12-30T04:16:57+00:00","description":"Especialmente elaborado para dar un sabor fresco y cremoso en cada bocado. Repleto de prote\u00ednas para recargar tu d\u00eda.","breadcrumb":{"@id":"https:\/\/www.daisybrand.com\/cottage-cheese-2\/#breadcrumb"},"inLanguage":"es","potentialAction":[{"@type":"ReadAction","target":["https:\/\/www.daisybrand.com\/cottage-cheese-2\/"]}]},{"@type":"BreadcrumbList","@id":"https:\/\/www.daisybrand.com\/cottage-cheese-2\/#breadcrumb","itemListElement":[{"@type":"ListItem","position":1,"name":"Home","item":"https:\/\/www.daisybrand.com\/es\/"},{"@type":"ListItem","position":2,"name":"Queso cottage"}]},{"@type":"WebSite","@id":"https:\/\/www.daisybrand.com\/es\/#website","url":"https:\/\/www.daisybrand.com\/es\/","name":"Daisy Brand - Sour Cream &amp; Cottage Cheese","description":"Welcome to daisybrand.com, learn more about Daisy Brand sour cream and cottage cheese. Discover great recipes and learn the answers to common questions.","potentialAction":[{"@type":"SearchAction","target":{"@type":"EntryPoint","urlTemplate":"https:\/\/www.daisybrand.com\/es\/?s={search_term_string}"},"query-input":{"@type":"PropertyValueSpecification","valueRequired":true,"valueName":"search_term_string"}}],"inLanguage":"es"}]}},"_links":{"self":[{"href":"https:\/\/www.daisybrand.com\/es\/wp-json\/wp\/v2\/pages\/13381","targetHints":{"allow":["GET"]}}],"collection":[{"href":"https:\/\/www.daisybrand.com\/es\/wp-json\/wp\/v2\/pages"}],"about":[{"href":"https:\/\/www.daisybrand.com\/es\/wp-json\/wp\/v2\/types\/page"}],"author":[{"embeddable":true,"href":"https:\/\/www.daisybrand.com\/es\/wp-json\/wp\/v2\/users\/32"}],"replies":[{"embeddable":true,"href":"https:\/\/www.daisybrand.com\/es\/wp-json\/wp\/v2\/comments?post=13381"}],"version-history":[{"count":27,"href":"https:\/\/www.daisybrand.com\/es\/wp-json\/wp\/v2\/pages\/13381\/revisions"}],"predecessor-version":[{"id":52635,"href":"https:\/\/www.daisybrand.com\/es\/wp-json\/wp\/v2\/pages\/13381\/revisions\/52635"}],"wp:attachment":[{"href":"https:\/\/www.daisybrand.com\/es\/wp-json\/wp\/v2\/media?parent=13381"}],"curies":[{"name":"wp","href":"https:\/\/api.w.org\/{rel}","templated":true}]}}