{"id":13335,"date":"2020-01-23T20:09:56","date_gmt":"2020-01-23T20:09:56","guid":{"rendered":"https:\/\/www.daisybrand.com\/nuestra-historia\/"},"modified":"2023-01-20T13:13:32","modified_gmt":"2023-01-20T19:13:32","slug":"nuestra-historia","status":"publish","type":"page","link":"https:\/\/www.daisybrand.com\/es\/nuestra-historia\/","title":{"rendered":"Nuestra Historia"},"content":{"rendered":"<div class=\"wpb-content-wrapper\"><p>[vc_row][vc_column column_width_use_pixel=\u00bbyes\u00bb align_horizontal=\u00bbalign_center\u00bb gutter_size=\u00bb3&#8243; overlay_alpha=\u00bb50&#8243; shift_x=\u00bb0&#8243; shift_y=\u00bb0&#8243; shift_y_down=\u00bb0&#8243; z_index=\u00bb0&#8243; medium_width=\u00bb0&#8243; mobile_width=\u00bb0&#8243; width=\u00bb1\/1&#8243; column_width_pixel=\u00bb1300&#8243; css=\u00bb.vc_custom_1578342665677{border-bottom-width: 36px !important;padding-top: 36px !important;}\u00bb][vc_custom_heading]\u00bbNunca ha sido necesario hablar del compromiso.<br \/>\nDedicamos todo nuestro empe\u00f1o a la b\u00fasqueda de la simple y llana perfecci\u00f3n\u00bb.[\/vc_custom_heading][vc_separator sep_color=\u00bbsp-color-red\u00bb el_width=\u00bb71px\u00bb el_height=\u00bb5px\u00bb][\/vc_column][\/vc_row][vc_row unlock_row=\u00bb\u00bb row_height_percent=\u00bb0&#8243; overlay_alpha=\u00bb50&#8243; gutter_size=\u00bb3&#8243; column_width_percent=\u00bb100&#8243; shift_y=\u00bb0&#8243; z_index=\u00bb0&#8243;][vc_column width=\u00bb1\/1&#8243;][vc_gallery el_id=\u00bbgallery-168280&#8243; type=\u00bbcarousel\u00bb medias=\u00bb449,7902,447&#8243; carousel_lg=\u00bb3&#8243; carousel_md=\u00bb3&#8243; carousel_sm=\u00bb1&#8243; gutter_size=\u00bb3&#8243; media_items=\u00bbmedia|nolink|original,icon\u00bb carousel_interval=\u00bb3000&#8243; carousel_navspeed=\u00bb400&#8243; carousel_nav_mobile=\u00bbyes\u00bb carousel_dots_mobile=\u00bbyes\u00bb stage_padding=\u00bb0&#8243; single_overlay_opacity=\u00bb1&#8243; single_padding=\u00bb2&#8243; lbox_skin=\u00bbwhite\u00bb][\/vc_column][\/vc_row][vc_row unlock_row_content=\u00bbyes\u00bb row_height_percent=\u00bb0&#8243; override_padding=\u00bbyes\u00bb h_padding=\u00bb0&#8243; top_padding=\u00bb2&#8243; bottom_padding=\u00bb2&#8243; overlay_alpha=\u00bb50&#8243; gutter_size=\u00bb3&#8243; column_width_percent=\u00bb100&#8243; shift_y=\u00bb0&#8243; z_index=\u00bb0&#8243;][vc_column column_width_percent=\u00bb100&#8243; gutter_size=\u00bb3&#8243; overlay_alpha=\u00bb50&#8243; shift_x=\u00bb0&#8243; shift_y=\u00bb0&#8243; shift_y_down=\u00bb0&#8243; z_index=\u00bb0&#8243; medium_width=\u00bb0&#8243; mobile_width=\u00bb0&#8243; width=\u00bb1\/2&#8243;][vc_row_inner][vc_column_inner column_width_percent=\u00bb100&#8243; position_horizontal=\u00bbright\u00bb gutter_size=\u00bb3&#8243; override_padding=\u00bbyes\u00bb column_padding=\u00bb4&#8243; overlay_alpha=\u00bb50&#8243; shift_x=\u00bb0&#8243; shift_y=\u00bb0&#8243; shift_y_down=\u00bb0&#8243; z_index=\u00bb0&#8243; medium_width=\u00bb0&#8243; mobile_width=\u00bb0&#8243; width=\u00bb1\/1&#8243;][vc_custom_heading]Todo empez\u00f3 cuando todo se transportaba en carros tirados por animales.[\/vc_custom_heading][vc_separator sep_color=\u00bbsp-color-red\u00bb el_width=\u00bb71px\u00bb el_height=\u00bb5px\u00bb][vc_column_text]Nuestra obsesi\u00f3n desde 1917 es producir los productos l\u00e1cteos m\u00e1s sabrosos para aquellos que saben apreciar un buen sabor cuando lo prueban. \u00bfIngredientes puros? \u00a1Es con lo que hacemos nuestros productos! Llevamos cinco generaciones dando un sabor rico, casero y cremoso a cada cucharada. Somos una empresa familiar desde su fundaci\u00f3n en Chicago. Seguiremos trabajando para que disfrutes de muchos a\u00f1os con productos siempre frescos en tu nevera (y en tu mesa).[\/vc_column_text][vc_empty_space empty_h=\u00bb5&#8243; medium_visibility=\u00bbyes\u00bb mobile_visibility=\u00bbyes\u00bb][\/vc_column_inner][\/vc_row_inner][\/vc_column][vc_column column_width_percent=\u00bb100&#8243; position_horizontal=\u00bbright\u00bb position_vertical=\u00bbmiddle\u00bb align_horizontal=\u00bbalign_right\u00bb gutter_size=\u00bb3&#8243; override_padding=\u00bbyes\u00bb column_padding=\u00bb0&#8243; expand_height=\u00bbyes\u00bb back_image=\u00bb453&#8243; back_position=\u00bbright center\u00bb overlay_alpha=\u00bb50&#8243; shift_x=\u00bb2&#8243; shift_x_fixed=\u00bbyes\u00bb shift_y=\u00bb0&#8243; shift_y_down=\u00bb0&#8243; z_index=\u00bb0&#8243; medium_width=\u00bb0&#8243; mobile_width=\u00bb0&#8243; width=\u00bb1\/2&#8243; mobile_height=\u00bb274&#8243; back_size=\u00bbcontain\u00bb el_class=\u00bbmargin-left-20-mobile\u00bb][vc_empty_space empty_h=\u00bb5&#8243;][\/vc_column][\/vc_row][vc_row unlock_row_content=\u00bbyes\u00bb row_height_percent=\u00bb0&#8243; override_padding=\u00bbyes\u00bb h_padding=\u00bb0&#8243; top_padding=\u00bb2&#8243; bottom_padding=\u00bb2&#8243; back_color=\u00bbsp-color-light-blue\u00bb overlay_alpha=\u00bb50&#8243; gutter_size=\u00bb3&#8243; column_width_percent=\u00bb100&#8243; shift_y=\u00bb0&#8243; z_index=\u00bb0&#8243; inverted_device_order=\u00bbyes\u00bb row_height_pixel=\u00bb550&#8243;][vc_column column_width_percent=\u00bb100&#8243; position_horizontal=\u00bbright\u00bb position_vertical=\u00bbmiddle\u00bb gutter_size=\u00bb3&#8243; override_padding=\u00bbyes\u00bb column_padding=\u00bb0&#8243; expand_height=\u00bbyes\u00bb back_image=\u00bb51726&#8243; back_position=\u00bbcenter center\u00bb overlay_alpha=\u00bb50&#8243; shift_x=\u00bb2&#8243; shift_x_fixed=\u00bbyes\u00bb shift_y=\u00bb0&#8243; shift_y_down=\u00bb0&#8243; z_index=\u00bb0&#8243; medium_width=\u00bb0&#8243; mobile_width=\u00bb0&#8243; width=\u00bb1\/2&#8243; mobile_height=\u00bb274&#8243; back_size=\u00bbcover\u00bb uncode_shortcode_id=\u00bb149800&#8243;][vc_empty_space empty_h=\u00bb5&#8243;][\/vc_column][vc_column column_width_percent=\u00bb100&#8243; position_vertical=\u00bbmiddle\u00bb gutter_size=\u00bb3&#8243; overlay_alpha=\u00bb50&#8243; shift_x=\u00bb0&#8243; shift_y=\u00bb0&#8243; shift_y_down=\u00bb0&#8243; z_index=\u00bb0&#8243; medium_width=\u00bb0&#8243; mobile_width=\u00bb0&#8243; width=\u00bb1\/2&#8243;][vc_row_inner][vc_column_inner column_width_percent=\u00bb100&#8243; position_horizontal=\u00bbright\u00bb gutter_size=\u00bb3&#8243; override_padding=\u00bbyes\u00bb column_padding=\u00bb4&#8243; overlay_alpha=\u00bb50&#8243; shift_x=\u00bb0&#8243; shift_y=\u00bb0&#8243; shift_y_down=\u00bb0&#8243; z_index=\u00bb0&#8243; medium_width=\u00bb0&#8243; mobile_width=\u00bb0&#8243; width=\u00bb1\/1&#8243;][vc_custom_heading]Nuestra foto de familia[\/vc_custom_heading][vc_column_text]Estos somos nosotros. Nata agria y queso freso cremoso, puro, sencillo y rico, rico. Nuestros productos tienen diferentes formatos y tama\u00f1os, pero el hecho de llevar el nombre de Daisy es garant\u00eda de un sabor rico, rico que siempre deja huella.[\/vc_column_text][\/vc_column_inner][\/vc_row_inner][\/vc_column][\/vc_row][vc_row row_height_percent=\u00bb32&#8243; overlay_alpha=\u00bb50&#8243; gutter_size=\u00bb3&#8243; column_width_percent=\u00bb100&#8243; shift_y=\u00bb0&#8243; z_index=\u00bb0&#8243;][vc_column column_width_percent=\u00bb100&#8243; align_horizontal=\u00bbalign_center\u00bb gutter_size=\u00bb3&#8243; overlay_alpha=\u00bb50&#8243; shift_x=\u00bb0&#8243; shift_y=\u00bb0&#8243; shift_y_down=\u00bb0&#8243; z_index=\u00bb0&#8243; medium_width=\u00bb0&#8243; mobile_width=\u00bb0&#8243; width=\u00bb1\/1&#8243;][vc_empty_space empty_h=\u00bb2&#8243; mobile_visibility=\u00bbyes\u00bb][vc_custom_heading heading_semantic=\u00bbh3&#8243; text_size=\u00bbh3&#8243; text_weight=\u00bb600&#8243;]Nuestras historias[\/vc_custom_heading][vc_gallery el_id=\u00bbgallery-996214&#8243; medias=\u00bb8675,8685,8682&#8243; gutter_size=\u00bb3&#8243; media_items=\u00bbmedia|lightbox|poster,icon\u00bb screen_lg=\u00bb1000&#8243; screen_md=\u00bb600&#8243; screen_sm=\u00bb480&#8243; images_size=\u00bbsixteen-nine\u00bb single_overlay_opacity=\u00bb50&#8243; single_text_visible=\u00bbyes\u00bb single_h_align=\u00bbcenter\u00bb single_padding=\u00bb2&#8243; single_icon=\u00bbfa fa-play\u00bb items=\u00bbeyIxNDFfaSI6eyJzaW5nbGVfbGF5b3V0X21lZGlhX2l0ZW1zIjoibWVkaWF8bGlnaHRib3h8cG9zdGVyLGljb24ifSwiNzQ0NF9pIjp7ImJhY2tfaW1hZ2UiOiI3NDQ1Iiwic2luZ2xlX2xheW91dF9tZWRpYV9pdGVtcyI6Im1lZGlhfGxpZ2h0Ym94fHBvc3RlcixpY29uIn19&#8243; title=\u00bbAnuncios\u00bb][vc_empty_space empty_h=\u00bb2&#8243;][\/vc_column][\/vc_row]<\/p>\n<\/div>","protected":false},"excerpt":{"rendered":"<p>[vc_row][vc_column column_width_use_pixel=\u00bbyes\u00bb align_horizontal=\u00bbalign_center\u00bb gutter_size=\u00bb3&#8243; overlay_alpha=\u00bb50&#8243; shift_x=\u00bb0&#8243; shift_y=\u00bb0&#8243; shift_y_down=\u00bb0&#8243; z_index=\u00bb0&#8243; medium_width=\u00bb0&#8243; mobile_width=\u00bb0&#8243; width=\u00bb1\/1&#8243; column_width_pixel=\u00bb1300&#8243; css=\u00bb.vc_custom_1578342665677{border-bottom-width: 36px !important;padding-top: 36px !important;}\u00bb][vc_custom_heading]\u00bbNunca ha sido [&hellip;]<\/p>\n","protected":false},"author":32,"featured_media":0,"parent":0,"menu_order":0,"comment_status":"closed","ping_status":"closed","template":"","meta":{"_acf_changed":false,"footnotes":""},"class_list":["post-13335","page","type-page","status-publish","hentry"],"acf":[],"yoast_head":"<!-- This site is optimized with the Yoast SEO plugin v27.6 - https:\/\/yoast.com\/product\/yoast-seo-wordpress\/ -->\n<title>Nuestra Historia - Daisy Brand - Sour Cream &amp; Cottage Cheese<\/title>\n<meta name=\"description\" content=\"Nunca ha sido necesario hablar del compromiso.Dedicamos todo nuestro empe\u00f1o a la b\u00fasqueda de la simple y llana perfecci\u00f3n\" \/>\n<meta name=\"robots\" content=\"index, follow, max-snippet:-1, max-image-preview:large, max-video-preview:-1\" \/>\n<link rel=\"canonical\" href=\"https:\/\/www.daisybrand.com\/our-story\/\" \/>\n<meta property=\"og:locale\" content=\"es_ES\" \/>\n<meta property=\"og:type\" content=\"article\" \/>\n<meta property=\"og:title\" content=\"Nuestra Historia - Daisy Brand - Sour Cream &amp; Cottage Cheese\" \/>\n<meta property=\"og:description\" content=\"Nunca ha sido necesario hablar del compromiso.Dedicamos todo nuestro empe\u00f1o a la b\u00fasqueda de la simple y llana perfecci\u00f3n\" \/>\n<meta property=\"og:url\" content=\"https:\/\/www.daisybrand.com\/our-story\/\" \/>\n<meta property=\"og:site_name\" content=\"Daisy Brand - Sour Cream &amp; Cottage Cheese\" \/>\n<meta property=\"article:publisher\" content=\"https:\/\/www.facebook.com\/daisybrand\/\" \/>\n<meta property=\"article:modified_time\" content=\"2023-01-20T19:13:32+00:00\" \/>\n<meta name=\"twitter:card\" content=\"summary_large_image\" \/>\n<meta name=\"twitter:label1\" content=\"Tiempo de lectura\" \/>\n\t<meta name=\"twitter:data1\" content=\"4 minutos\" \/>\n<script type=\"application\/ld+json\" class=\"yoast-schema-graph\">{\"@context\":\"https:\\\/\\\/schema.org\",\"@graph\":[{\"@type\":\"WebPage\",\"@id\":\"https:\\\/\\\/www.daisybrand.com\\\/our-story\\\/\",\"url\":\"https:\\\/\\\/www.daisybrand.com\\\/our-story\\\/\",\"name\":\"Nuestra Historia - Daisy Brand - Sour Cream &amp; Cottage Cheese\",\"isPartOf\":{\"@id\":\"https:\\\/\\\/www.daisybrand.com\\\/es\\\/#website\"},\"datePublished\":\"2020-01-23T20:09:56+00:00\",\"dateModified\":\"2023-01-20T19:13:32+00:00\",\"description\":\"Nunca ha sido necesario hablar del compromiso.Dedicamos todo nuestro empe\u00f1o a la b\u00fasqueda de la simple y llana perfecci\u00f3n\",\"breadcrumb\":{\"@id\":\"https:\\\/\\\/www.daisybrand.com\\\/our-story\\\/#breadcrumb\"},\"inLanguage\":\"es\",\"potentialAction\":[{\"@type\":\"ReadAction\",\"target\":[\"https:\\\/\\\/www.daisybrand.com\\\/our-story\\\/\"]}]},{\"@type\":\"BreadcrumbList\",\"@id\":\"https:\\\/\\\/www.daisybrand.com\\\/our-story\\\/#breadcrumb\",\"itemListElement\":[{\"@type\":\"ListItem\",\"position\":1,\"name\":\"Home\",\"item\":\"https:\\\/\\\/www.daisybrand.com\\\/es\\\/\"},{\"@type\":\"ListItem\",\"position\":2,\"name\":\"Nuestra Historia\"}]},{\"@type\":\"WebSite\",\"@id\":\"https:\\\/\\\/www.daisybrand.com\\\/es\\\/#website\",\"url\":\"https:\\\/\\\/www.daisybrand.com\\\/es\\\/\",\"name\":\"Daisy Brand - Sour Cream &amp; Cottage Cheese\",\"description\":\"Welcome to daisybrand.com, learn more about Daisy Brand sour cream and cottage cheese. Discover great recipes and learn the answers to common questions.\",\"potentialAction\":[{\"@type\":\"SearchAction\",\"target\":{\"@type\":\"EntryPoint\",\"urlTemplate\":\"https:\\\/\\\/www.daisybrand.com\\\/es\\\/?s={search_term_string}\"},\"query-input\":{\"@type\":\"PropertyValueSpecification\",\"valueRequired\":true,\"valueName\":\"search_term_string\"}}],\"inLanguage\":\"es\"}]}<\/script>\n<!-- \/ Yoast SEO plugin. -->","yoast_head_json":{"title":"Nuestra Historia - Daisy Brand - Sour Cream &amp; Cottage Cheese","description":"Nunca ha sido necesario hablar del compromiso.Dedicamos todo nuestro empe\u00f1o a la b\u00fasqueda de la simple y llana perfecci\u00f3n","robots":{"index":"index","follow":"follow","max-snippet":"max-snippet:-1","max-image-preview":"max-image-preview:large","max-video-preview":"max-video-preview:-1"},"canonical":"https:\/\/www.daisybrand.com\/our-story\/","og_locale":"es_ES","og_type":"article","og_title":"Nuestra Historia - Daisy Brand - Sour Cream &amp; Cottage Cheese","og_description":"Nunca ha sido necesario hablar del compromiso.Dedicamos todo nuestro empe\u00f1o a la b\u00fasqueda de la simple y llana perfecci\u00f3n","og_url":"https:\/\/www.daisybrand.com\/our-story\/","og_site_name":"Daisy Brand - Sour Cream &amp; Cottage Cheese","article_publisher":"https:\/\/www.facebook.com\/daisybrand\/","article_modified_time":"2023-01-20T19:13:32+00:00","twitter_card":"summary_large_image","twitter_misc":{"Tiempo de lectura":"4 minutos"},"schema":{"@context":"https:\/\/schema.org","@graph":[{"@type":"WebPage","@id":"https:\/\/www.daisybrand.com\/our-story\/","url":"https:\/\/www.daisybrand.com\/our-story\/","name":"Nuestra Historia - Daisy Brand - Sour Cream &amp; Cottage Cheese","isPartOf":{"@id":"https:\/\/www.daisybrand.com\/es\/#website"},"datePublished":"2020-01-23T20:09:56+00:00","dateModified":"2023-01-20T19:13:32+00:00","description":"Nunca ha sido necesario hablar del compromiso.Dedicamos todo nuestro empe\u00f1o a la b\u00fasqueda de la simple y llana perfecci\u00f3n","breadcrumb":{"@id":"https:\/\/www.daisybrand.com\/our-story\/#breadcrumb"},"inLanguage":"es","potentialAction":[{"@type":"ReadAction","target":["https:\/\/www.daisybrand.com\/our-story\/"]}]},{"@type":"BreadcrumbList","@id":"https:\/\/www.daisybrand.com\/our-story\/#breadcrumb","itemListElement":[{"@type":"ListItem","position":1,"name":"Home","item":"https:\/\/www.daisybrand.com\/es\/"},{"@type":"ListItem","position":2,"name":"Nuestra Historia"}]},{"@type":"WebSite","@id":"https:\/\/www.daisybrand.com\/es\/#website","url":"https:\/\/www.daisybrand.com\/es\/","name":"Daisy Brand - Sour Cream &amp; Cottage Cheese","description":"Welcome to daisybrand.com, learn more about Daisy Brand sour cream and cottage cheese. Discover great recipes and learn the answers to common questions.","potentialAction":[{"@type":"SearchAction","target":{"@type":"EntryPoint","urlTemplate":"https:\/\/www.daisybrand.com\/es\/?s={search_term_string}"},"query-input":{"@type":"PropertyValueSpecification","valueRequired":true,"valueName":"search_term_string"}}],"inLanguage":"es"}]}},"_links":{"self":[{"href":"https:\/\/www.daisybrand.com\/es\/wp-json\/wp\/v2\/pages\/13335","targetHints":{"allow":["GET"]}}],"collection":[{"href":"https:\/\/www.daisybrand.com\/es\/wp-json\/wp\/v2\/pages"}],"about":[{"href":"https:\/\/www.daisybrand.com\/es\/wp-json\/wp\/v2\/types\/page"}],"author":[{"embeddable":true,"href":"https:\/\/www.daisybrand.com\/es\/wp-json\/wp\/v2\/users\/32"}],"replies":[{"embeddable":true,"href":"https:\/\/www.daisybrand.com\/es\/wp-json\/wp\/v2\/comments?post=13335"}],"version-history":[{"count":5,"href":"https:\/\/www.daisybrand.com\/es\/wp-json\/wp\/v2\/pages\/13335\/revisions"}],"predecessor-version":[{"id":51728,"href":"https:\/\/www.daisybrand.com\/es\/wp-json\/wp\/v2\/pages\/13335\/revisions\/51728"}],"wp:attachment":[{"href":"https:\/\/www.daisybrand.com\/es\/wp-json\/wp\/v2\/media?parent=13335"}],"curies":[{"name":"wp","href":"https:\/\/api.w.org\/{rel}","templated":true}]}}