{"id":13085,"date":"2019-10-02T23:16:20","date_gmt":"2019-10-02T23:16:20","guid":{"rendered":"https:\/\/www.daisybrand.com\/home\/"},"modified":"2023-01-19T12:27:40","modified_gmt":"2023-01-19T18:27:40","slug":"home","status":"publish","type":"page","link":"https:\/\/www.daisybrand.com\/es\/","title":{"rendered":"Inicio"},"content":{"rendered":"<div class=\"wpb-content-wrapper\"><p>[vc_row row_height_percent=\u00bb0&#8243; back_color=\u00bbsp-color-light-blue\u00bb overlay_alpha=\u00bb50&#8243; gutter_size=\u00bb3&#8243; column_width_percent=\u00bb100&#8243; shift_y=\u00bb0&#8243; z_index=\u00bb0&#8243; el_class=\u00bbpadding-desktop-only\u00bb css=\u00bb.vc_custom_1573072845816{padding-top: 40px !important;padding-bottom: 40px !important;}\u00bb][vc_column column_width_percent=\u00bb100&#8243; align_horizontal=\u00bbalign_center\u00bb gutter_size=\u00bb3&#8243; overlay_alpha=\u00bb0&#8243; shift_x=\u00bb0&#8243; shift_y=\u00bb0&#8243; shift_y_down=\u00bb0&#8243; z_index=\u00bb0&#8243; medium_width=\u00bb0&#8243; mobile_width=\u00bb0&#8243; width=\u00bb1\/2&#8243;][vc_single_image media=\u00bb564&#8243; media_width_use_pixel=\u00bbyes\u00bb alignment=\u00bbcenter\u00bb aria_label=\u00bbHaga clic para obtener m\u00e1s informaci\u00f3n sobre la crema agria Daisy\u00bb media_link=\u00bburl:https%3A%2F%2Fwww.daisybrand.com%2Fes%2Fnata-agria%2F|title:Crema%20Agria||\u00bb][vc_custom_heading text_color=\u00bbsp-daisy-blue\u00bb heading_semantic=\u00bbh3&#8243; text_font=\u00bbfont-421327&#8243; text_size=\u00bbh3&#8243; sub_reduced=\u00bbyes\u00bb]Ponle una cucharada de Daisy[\/vc_custom_heading][vc_column_text]Si quieres sucar, picotear o meter la cuchara no puede faltar la crema agria Daisy. Siempre fresca, cremosa y rica para que cada momento sea \u00fanico e irrepetible.[\/vc_column_text][vc_button button_color=\u00bbsp-color-red\u00bb size=\u00bblink\u00bb btn_link_size=\u00bbh4&#8243; custom_typo=\u00bbyes\u00bb font_family=\u00bbfont-421327&#8243; font_weight=\u00bb600&#8243; icon_position=\u00bbright\u00bb icon=\u00bbfa fa-angle-right\u00bb link=\u00bburl:%2Fes%2Fnata-agria%2F|title:Crema%20Agria||\u00bb]seguir leyendo[\/vc_button][\/vc_column][vc_column column_width_percent=\u00bb100&#8243; align_horizontal=\u00bbalign_center\u00bb gutter_size=\u00bb3&#8243; overlay_alpha=\u00bb50&#8243; shift_x=\u00bb0&#8243; shift_y=\u00bb0&#8243; shift_y_down=\u00bb0&#8243; z_index=\u00bb0&#8243; medium_width=\u00bb0&#8243; mobile_width=\u00bb0&#8243; width=\u00bb1\/2&#8243;][vc_single_image media=\u00bb51674&#8243; media_width_percent=\u00bb100&#8243; alignment=\u00bbcenter\u00bb aria_label=\u00bbHaga clic para obtener m\u00e1s informaci\u00f3n sobre el queso cottage Daisy\u00bb media_link=\u00bburl:https%3A%2F%2Fwww.daisybrand.com%2Fes%2Fqueso-fresco%2F|title:Queso%20cottage||\u00bb uncode_shortcode_id=\u00bb204781&#8243;][vc_custom_heading text_color=\u00bbsp-daisy-blue\u00bb heading_semantic=\u00bbh3&#8243; text_font=\u00bbfont-421327&#8243; text_size=\u00bbh3&#8243;]Solo es posible con el queso Cottage Daisy[\/vc_custom_heading][vc_column_text uncode_shortcode_id=\u00bb878983&#8243;]13 gramos de prote\u00ednas, 0 g de az\u00facares a\u00f1adidos y un sabor fresco y cremoso que har\u00e1 agua m\u00e1s de una boca: \u00a1Descubre por qu\u00e9 solo es posible con el queso fresco Daily![\/vc_column_text][vc_button button_color=\u00bbsp-color-red\u00bb size=\u00bblink\u00bb btn_link_size=\u00bbh4&#8243; custom_typo=\u00bbyes\u00bb font_family=\u00bbfont-421327&#8243; font_weight=\u00bb600&#8243; icon_position=\u00bbright\u00bb icon=\u00bbfa fa-angle-right\u00bb link=\u00bburl:%2Fes%2Fqueso-fresco%2F|title:Queso%20cottage||\u00bb]seguir leyendo[\/vc_button][\/vc_column][\/vc_row][vc_row][vc_column column_width_percent=\u00bb100&#8243; gutter_size=\u00bb3&#8243; style=\u00bblight\u00bb overlay_alpha=\u00bb50&#8243; shift_x=\u00bb0&#8243; shift_y=\u00bb0&#8243; shift_y_down=\u00bb0&#8243; z_index=\u00bb0&#8243; medium_width=\u00bb0&#8243; mobile_width=\u00bb0&#8243; width=\u00bb1\/1&#8243;][vc_empty_space empty_h=\u00bb1&#8243; medium_visibility=\u00bbyes\u00bb mobile_visibility=\u00bbyes\u00bb][vc_row_inner][vc_column_inner column_width_percent=\u00bb100&#8243; gutter_size=\u00bb3&#8243; overlay_alpha=\u00bb50&#8243; shift_x=\u00bb0&#8243; shift_y=\u00bb0&#8243; shift_y_down=\u00bb0&#8243; z_index=\u00bb0&#8243; align_medium=\u00bbalign_center_tablet\u00bb medium_width=\u00bb0&#8243; align_mobile=\u00bbalign_center_mobile\u00bb mobile_width=\u00bb0&#8243; width=\u00bb1\/2&#8243;][vc_custom_heading heading_semantic=\u00bbh3&#8243; text_size=\u00bbh3&#8243; text_weight=\u00bb600&#8243;]Recetas destacadas[\/vc_custom_heading][\/vc_column_inner][vc_column_inner column_width_percent=\u00bb100&#8243; align_horizontal=\u00bbalign_right\u00bb gutter_size=\u00bb3&#8243; overlay_alpha=\u00bb50&#8243; shift_x=\u00bb0&#8243; shift_y=\u00bb0&#8243; shift_y_down=\u00bb0&#8243; z_index=\u00bb0&#8243; align_medium=\u00bbalign_center_tablet\u00bb medium_width=\u00bb0&#8243; align_mobile=\u00bbalign_center_mobile\u00bb mobile_width=\u00bb0&#8243; width=\u00bb1\/2&#8243;][vc_button button_color=\u00bbsp-color-red\u00bb size=\u00bblink\u00bb btn_link_size=\u00bbh4&#8243; custom_typo=\u00bbyes\u00bb font_family=\u00bbfont-421327&#8243; font_weight=\u00bb600&#8243; icon_position=\u00bbright\u00bb icon=\u00bbfa fa-angle-right\u00bb link=\u00bburl:%2Fes%2Frecetas%2F|title:Recetas||\u00bb]ver todo[\/vc_button][\/vc_column_inner][\/vc_row_inner][vc_row_inner][vc_column_inner column_width_percent=\u00bb100&#8243; gutter_size=\u00bb3&#8243; style=\u00bbdark\u00bb overlay_alpha=\u00bb20&#8243; shift_x=\u00bb0&#8243; shift_y=\u00bb0&#8243; shift_y_down=\u00bb0&#8243; z_index=\u00bb0&#8243; medium_width=\u00bb0&#8243; mobile_width=\u00bb0&#8243; width=\u00bb1\/2&#8243; link_to=\u00bb|||\u00bb][vc_single_image media=\u00bb13599&#8243; media_width_percent=\u00bb100&#8243; media_ratio=\u00bbone-one\u00bb advanced=\u00bbyes\u00bb media_items=\u00bbmedia|original,caption,title\u00bb media_overlay_color=\u00bbcolor-jevc\u00bb media_overlay_coloration=\u00bbbottom_gradient\u00bb media_overlay_opacity=\u00bb34&#8243; media_overlay_visible=\u00bbyes\u00bb media_text_visible=\u00bbyes\u00bb media_text_anim_type=\u00bbbtt\u00bb media_v_position=\u00bbbottom\u00bb media_padding=\u00bb2&#8243; media_title_dimension=\u00bbh4&#8243; el_class=\u00bbfeatured-recipe-image\u00bb media_link=\u00bburl:%2Fes%2Frecetas%2Fmini-tortas-con-filete%2F|title:Mini%20Tortas||\u00bb][\/vc_column_inner][vc_column_inner column_width_percent=\u00bb100&#8243; gutter_size=\u00bb3&#8243; style=\u00bbdark\u00bb overlay_alpha=\u00bb50&#8243; shift_x=\u00bb0&#8243; shift_y=\u00bb0&#8243; shift_y_down=\u00bb0&#8243; z_index=\u00bb0&#8243; medium_width=\u00bb0&#8243; mobile_width=\u00bb0&#8243; width=\u00bb1\/2&#8243;][vc_single_image media=\u00bb13603&#8243; media_width_percent=\u00bb100&#8243; media_ratio=\u00bbsixteen-nine\u00bb advanced=\u00bbyes\u00bb media_items=\u00bbmedia|original,caption,title\u00bb media_overlay_color=\u00bbcolor-jevc\u00bb media_overlay_coloration=\u00bbbottom_gradient\u00bb media_overlay_opacity=\u00bb30&#8243; media_overlay_visible=\u00bbyes\u00bb media_text_visible=\u00bbyes\u00bb media_text_anim_type=\u00bbbtt\u00bb media_v_position=\u00bbbottom\u00bb media_padding=\u00bb2&#8243; media_title_dimension=\u00bbh4&#8243; media_link=\u00bburl:%2Fes%2Frecetas%2Fsopa-de-tomatillo%2F|title:Sopa%20de%20Tomatillo||\u00bb el_class=\u00bbfeatured-recipe-image-stacked\u00bb][vc_single_image media=\u00bb13588&#8243; media_width_percent=\u00bb100&#8243; media_ratio=\u00bbsixteen-nine\u00bb advanced=\u00bbyes\u00bb media_items=\u00bbmedia|original,caption,title\u00bb media_overlay_color=\u00bbcolor-jevc\u00bb media_overlay_coloration=\u00bbbottom_gradient\u00bb media_overlay_opacity=\u00bb30&#8243; media_overlay_visible=\u00bbyes\u00bb media_text_visible=\u00bbyes\u00bb media_text_anim_type=\u00bbbtt\u00bb media_v_position=\u00bbbottom\u00bb media_padding=\u00bb2&#8243; media_title_dimension=\u00bbh4&#8243; media_link=\u00bburl:%2Fes%2Frecetas%2Ftrozos-de-papa-ranch%2F|title:Trozos%20de%20Papa%20Ranch||\u00bb el_class=\u00bbfeatured-recipe-image-stacked\u00bb][\/vc_column_inner][\/vc_row_inner][\/vc_column][\/vc_row]<\/p>\n<\/div>","protected":false},"excerpt":{"rendered":"<p>[vc_row row_height_percent=\u00bb0&#8243; back_color=\u00bbsp-color-light-blue\u00bb overlay_alpha=\u00bb50&#8243; gutter_size=\u00bb3&#8243; column_width_percent=\u00bb100&#8243; shift_y=\u00bb0&#8243; z_index=\u00bb0&#8243; el_class=\u00bbpadding-desktop-only\u00bb css=\u00bb.vc_custom_1573072845816{padding-top: 40px !important;padding-bottom: 40px !important;}\u00bb][vc_column column_width_percent=\u00bb100&#8243; align_horizontal=\u00bbalign_center\u00bb gutter_size=\u00bb3&#8243; overlay_alpha=\u00bb0&#8243; shift_x=\u00bb0&#8243; shift_y=\u00bb0&#8243; [&hellip;]<\/p>\n","protected":false},"author":32,"featured_media":0,"parent":0,"menu_order":0,"comment_status":"closed","ping_status":"closed","template":"","meta":{"_acf_changed":false,"footnotes":""},"class_list":["post-13085","page","type-page","status-publish","hentry"],"acf":[],"yoast_head":"<!-- This site is optimized with the Yoast SEO plugin v27.2 - https:\/\/yoast.com\/product\/yoast-seo-wordpress\/ -->\n<title>Inicio - Daisy Brand - Sour Cream &amp; Cottage Cheese<\/title>\n<meta name=\"description\" content=\"Crema agria y queso cottage Daisy es siempre fresca, cremosa y rica para que cada momento sea \u00fanico e irrepetible.\" \/>\n<meta name=\"robots\" content=\"index, follow, max-snippet:-1, max-image-preview:large, max-video-preview:-1\" \/>\n<link rel=\"canonical\" href=\"https:\/\/www.daisybrand.com\/es\/\" \/>\n<meta property=\"og:locale\" content=\"es_ES\" \/>\n<meta property=\"og:type\" content=\"article\" \/>\n<meta property=\"og:title\" content=\"Inicio - Daisy Brand - Sour Cream &amp; Cottage Cheese\" \/>\n<meta property=\"og:description\" content=\"Crema agria y queso cottage Daisy es siempre fresca, cremosa y rica para que cada momento sea \u00fanico e irrepetible.\" \/>\n<meta property=\"og:url\" content=\"https:\/\/www.daisybrand.com\/es\/\" \/>\n<meta property=\"og:site_name\" content=\"Daisy Brand - Sour Cream &amp; Cottage Cheese\" \/>\n<meta property=\"article:publisher\" content=\"https:\/\/www.facebook.com\/daisybrand\/\" \/>\n<meta property=\"article:modified_time\" content=\"2023-01-19T18:27:40+00:00\" \/>\n<meta name=\"twitter:card\" content=\"summary_large_image\" \/>\n<meta name=\"twitter:label1\" content=\"Tiempo de lectura\" \/>\n\t<meta name=\"twitter:data1\" content=\"2 minutos\" \/>\n<script type=\"application\/ld+json\" class=\"yoast-schema-graph\">{\"@context\":\"https:\/\/schema.org\",\"@graph\":[{\"@type\":\"WebPage\",\"@id\":\"https:\/\/www.daisybrand.com\/es\/\",\"url\":\"https:\/\/www.daisybrand.com\/es\/\",\"name\":\"Inicio - Daisy Brand - Sour Cream &amp; Cottage Cheese\",\"isPartOf\":{\"@id\":\"https:\/\/www.daisybrand.com\/es\/#website\"},\"datePublished\":\"2019-10-02T23:16:20+00:00\",\"dateModified\":\"2023-01-19T18:27:40+00:00\",\"description\":\"Crema agria y queso cottage Daisy es siempre fresca, cremosa y rica para que cada momento sea \u00fanico e irrepetible.\",\"breadcrumb\":{\"@id\":\"https:\/\/www.daisybrand.com\/es\/#breadcrumb\"},\"inLanguage\":\"es\",\"potentialAction\":[{\"@type\":\"ReadAction\",\"target\":[\"https:\/\/www.daisybrand.com\/es\/\"]}]},{\"@type\":\"BreadcrumbList\",\"@id\":\"https:\/\/www.daisybrand.com\/es\/#breadcrumb\",\"itemListElement\":[{\"@type\":\"ListItem\",\"position\":1,\"name\":\"Home\",\"item\":\"https:\/\/www.daisybrand.com\/es\/\"},{\"@type\":\"ListItem\",\"position\":2,\"name\":\"Inicio\"}]},{\"@type\":\"WebSite\",\"@id\":\"https:\/\/www.daisybrand.com\/es\/#website\",\"url\":\"https:\/\/www.daisybrand.com\/es\/\",\"name\":\"Daisy Brand - Sour Cream &amp; Cottage Cheese\",\"description\":\"Welcome to daisybrand.com, learn more about Daisy Brand sour cream and cottage cheese. Discover great recipes and learn the answers to common questions.\",\"potentialAction\":[{\"@type\":\"SearchAction\",\"target\":{\"@type\":\"EntryPoint\",\"urlTemplate\":\"https:\/\/www.daisybrand.com\/es\/?s={search_term_string}\"},\"query-input\":{\"@type\":\"PropertyValueSpecification\",\"valueRequired\":true,\"valueName\":\"search_term_string\"}}],\"inLanguage\":\"es\"}]}<\/script>\n<!-- \/ Yoast SEO plugin. -->","yoast_head_json":{"title":"Inicio - Daisy Brand - Sour Cream &amp; Cottage Cheese","description":"Crema agria y queso cottage Daisy es siempre fresca, cremosa y rica para que cada momento sea \u00fanico e irrepetible.","robots":{"index":"index","follow":"follow","max-snippet":"max-snippet:-1","max-image-preview":"max-image-preview:large","max-video-preview":"max-video-preview:-1"},"canonical":"https:\/\/www.daisybrand.com\/es\/","og_locale":"es_ES","og_type":"article","og_title":"Inicio - Daisy Brand - Sour Cream &amp; Cottage Cheese","og_description":"Crema agria y queso cottage Daisy es siempre fresca, cremosa y rica para que cada momento sea \u00fanico e irrepetible.","og_url":"https:\/\/www.daisybrand.com\/es\/","og_site_name":"Daisy Brand - Sour Cream &amp; Cottage Cheese","article_publisher":"https:\/\/www.facebook.com\/daisybrand\/","article_modified_time":"2023-01-19T18:27:40+00:00","twitter_card":"summary_large_image","twitter_misc":{"Tiempo de lectura":"2 minutos"},"schema":{"@context":"https:\/\/schema.org","@graph":[{"@type":"WebPage","@id":"https:\/\/www.daisybrand.com\/es\/","url":"https:\/\/www.daisybrand.com\/es\/","name":"Inicio - Daisy Brand - Sour Cream &amp; Cottage Cheese","isPartOf":{"@id":"https:\/\/www.daisybrand.com\/es\/#website"},"datePublished":"2019-10-02T23:16:20+00:00","dateModified":"2023-01-19T18:27:40+00:00","description":"Crema agria y queso cottage Daisy es siempre fresca, cremosa y rica para que cada momento sea \u00fanico e irrepetible.","breadcrumb":{"@id":"https:\/\/www.daisybrand.com\/es\/#breadcrumb"},"inLanguage":"es","potentialAction":[{"@type":"ReadAction","target":["https:\/\/www.daisybrand.com\/es\/"]}]},{"@type":"BreadcrumbList","@id":"https:\/\/www.daisybrand.com\/es\/#breadcrumb","itemListElement":[{"@type":"ListItem","position":1,"name":"Home","item":"https:\/\/www.daisybrand.com\/es\/"},{"@type":"ListItem","position":2,"name":"Inicio"}]},{"@type":"WebSite","@id":"https:\/\/www.daisybrand.com\/es\/#website","url":"https:\/\/www.daisybrand.com\/es\/","name":"Daisy Brand - Sour Cream &amp; Cottage Cheese","description":"Welcome to daisybrand.com, learn more about Daisy Brand sour cream and cottage cheese. Discover great recipes and learn the answers to common questions.","potentialAction":[{"@type":"SearchAction","target":{"@type":"EntryPoint","urlTemplate":"https:\/\/www.daisybrand.com\/es\/?s={search_term_string}"},"query-input":{"@type":"PropertyValueSpecification","valueRequired":true,"valueName":"search_term_string"}}],"inLanguage":"es"}]}},"_links":{"self":[{"href":"https:\/\/www.daisybrand.com\/es\/wp-json\/wp\/v2\/pages\/13085","targetHints":{"allow":["GET"]}}],"collection":[{"href":"https:\/\/www.daisybrand.com\/es\/wp-json\/wp\/v2\/pages"}],"about":[{"href":"https:\/\/www.daisybrand.com\/es\/wp-json\/wp\/v2\/types\/page"}],"author":[{"embeddable":true,"href":"https:\/\/www.daisybrand.com\/es\/wp-json\/wp\/v2\/users\/32"}],"replies":[{"embeddable":true,"href":"https:\/\/www.daisybrand.com\/es\/wp-json\/wp\/v2\/comments?post=13085"}],"version-history":[{"count":16,"href":"https:\/\/www.daisybrand.com\/es\/wp-json\/wp\/v2\/pages\/13085\/revisions"}],"predecessor-version":[{"id":53007,"href":"https:\/\/www.daisybrand.com\/es\/wp-json\/wp\/v2\/pages\/13085\/revisions\/53007"}],"wp:attachment":[{"href":"https:\/\/www.daisybrand.com\/es\/wp-json\/wp\/v2\/media?parent=13085"}],"curies":[{"name":"wp","href":"https:\/\/api.w.org\/{rel}","templated":true}]}}